{"id":501313,"date":"2017-06-14T11:25:12","date_gmt":"2017-06-14T09:25:12","guid":{"rendered":"https:\/\/arcasgruber.com\/unkategorisiert\/hs470-01\/"},"modified":"2024-10-08T13:35:55","modified_gmt":"2024-10-08T11:35:55","slug":"hoteltresor-hs470-01","status":"publish","type":"product","link":"https:\/\/arcasgruber.com\/de\/tresore\/hoteltresore\/hoteltresor-hs470-01\/","title":{"rendered":"Hoteltresor HS470-01"},"content":{"rendered":"<h2 id=\"beschreibung-lang\">Hoteltresor HS470-01<\/h2>\n<ul>\n<li><strong>Au\u00dfenma\u00dfe:<\/strong> 220 x 430 x 350 mm (H\u00f6he x Breite x Tiefe)<\/li>\n<li><strong>Innenma\u00dfe:<\/strong> 216 x 426 x 300 mm (H\u00f6he x Breite x Tiefe)<\/li>\n<li><strong>Volumen:<\/strong> ca. 30 l<\/li>\n<li><strong>Gewicht:<\/strong> ca. 13 kg<\/li>\n<li><strong>Elektronikschloss<\/strong><\/li>\n<\/ul>\n<h3>Technische Details<\/h3>\n<ul>\n<li>Elektronisches Schlie\u00dfsystem mit motorgesteuerten 20-mm-Bolzen<\/li>\n<li>Kunden-PIN von 3 bis 6 Ziffern, Mastercode und Not\u00f6ffnungsschl\u00fcssel<\/li>\n<li>Stahlkonstruktion mit 50-mm-T\u00fcr und 6-mm-Panzerung<\/li>\n<li>Boden- und Wandbefestigungen, Innenraum mit Teppich ausgekleidet<\/li>\n<li>Inklusive Batterien und Montageset<\/li>\n<\/ul>\n<p>Entdecken Sie weitere Optionen in unserer Kategorie <a href=\"https:\/\/arcasgruber.com\/de\/tresore\/hoteltresore\/\" target=\"_blank\" rel=\"noopener\">Hoteltresore<\/a>.<\/p>\n","protected":false},"excerpt":{"rendered":"<p>Der Hoteltresor HS470-01 von Arcas Gruber bietet mit einem Volumen von 30 Litern und einer robusten Stahlkonstruktion optimalen Schutz f\u00fcr Wertsachen von Hotelg\u00e4sten. Ausgestattet mit einem elektronischen Schlie\u00dfsystem und motorgesteuerten Bolzen bietet dieser Tresor eine sichere und benutzerfreundliche L\u00f6sung f\u00fcr jedes Hotelzimmer.<\/p>\n","protected":false},"featured_media":501314,"template":"","meta":{"_acf_changed":false},"product_brand":[],"product_cat":[3273],"product_tag":[],"class_list":{"0":"post-501313","1":"product","2":"type-product","3":"status-publish","4":"has-post-thumbnail","6":"product_cat-hoteltresore","8":"first","9":"instock","10":"taxable","11":"shipping-taxable","12":"purchasable","13":"product-type-simple"},"acf":[],"_links":{"self":[{"href":"https:\/\/arcasgruber.com\/de\/wp-json\/wp\/v2\/product\/501313","targetHints":{"allow":["GET"]}}],"collection":[{"href":"https:\/\/arcasgruber.com\/de\/wp-json\/wp\/v2\/product"}],"about":[{"href":"https:\/\/arcasgruber.com\/de\/wp-json\/wp\/v2\/types\/product"}],"version-history":[{"count":0,"href":"https:\/\/arcasgruber.com\/de\/wp-json\/wp\/v2\/product\/501313\/revisions"}],"wp:featuredmedia":[{"embeddable":true,"href":"https:\/\/arcasgruber.com\/de\/wp-json\/wp\/v2\/media\/501314"}],"wp:attachment":[{"href":"https:\/\/arcasgruber.com\/de\/wp-json\/wp\/v2\/media?parent=501313"}],"wp:term":[{"taxonomy":"product_brand","embeddable":true,"href":"https:\/\/arcasgruber.com\/de\/wp-json\/wp\/v2\/product_brand?post=501313"},{"taxonomy":"product_cat","embeddable":true,"href":"https:\/\/arcasgruber.com\/de\/wp-json\/wp\/v2\/product_cat?post=501313"},{"taxonomy":"product_tag","embeddable":true,"href":"https:\/\/arcasgruber.com\/de\/wp-json\/wp\/v2\/product_tag?post=501313"}],"curies":[{"name":"wp","href":"https:\/\/api.w.org\/{rel}","templated":true}]}}