{"id":501272,"date":"2017-06-14T11:23:16","date_gmt":"2017-06-14T09:23:16","guid":{"rendered":"https:\/\/arcasgruber.com\/unkategorisiert\/c40-monoblock\/"},"modified":"2026-01-15T11:44:22","modified_gmt":"2026-01-15T10:44:22","slug":"einwurftresor-c40-monoblock","status":"publish","type":"product","link":"https:\/\/arcasgruber.com\/de\/tresore\/einwurftresore\/einwurftresor-c40-monoblock\/","title":{"rendered":"Einwurftresor C40 Monoblock"},"content":{"rendered":"<h2 id=\"beschreibung-lang\">Einwurftresor C40 Monoblock<\/h2>\n<ul>\n<li><strong>Au\u00dfenma\u00dfe:<\/strong> 720 x 450 x 380 mm (H\u00f6he x Breite x Tiefe)<\/li>\n<li><strong>Volumen:<\/strong> ca. 59 l<\/li>\n<li><strong>Gewicht:<\/strong> ca. 224 kg<\/li>\n<li><strong>Wandst\u00e4rke:<\/strong> 45 mm<\/li>\n<li><strong>T\u00fcrst\u00e4rke:<\/strong> 80 mm<\/li>\n<li><strong>Schlie\u00dfmechanismus:<\/strong> 20 mm starke Riegel<\/li>\n<\/ul>\n<h3>Verschlussoptionen<\/h3>\n<ul>\n<li>2 x Doppelbart-Hochsicherheitsschloss<\/li>\n<li>Mechanisches Zahlenschloss<\/li>\n<li>Elektronikschloss<\/li>\n<li>Programmierbares Elektronikschloss<\/li>\n<li>Biometrie Elektronikschloss<\/li>\n<\/ul>\n<p><strong>Besonderheiten:<\/strong> Doppelbartschloss, mechanisches und digitales Kombinationsschloss sowie biometrische Systeme. Zwei herausnehmbare Einlegeb\u00f6den und 180\u00b0 T\u00fcr\u00f6ffnungswinkel sorgen f\u00fcr einfachen Zugang. Ideal f\u00fcr Superm\u00e4rkte und Restaurants.<\/p>\n<p>Entdecken Sie weitere Optionen in unserer Kategorie <a href=\"https:\/\/arcasgruber.com\/de\/tresore\/einwurftresore\/\" target=\"_blank\" rel=\"noopener\">Einwurftresore<\/a>.<\/p>\n","protected":false},"excerpt":{"rendered":"<p>Der Einwurftresor C40 Monoblock von Arcas Gruber wurde speziell f\u00fcr den Schutz von Bargeld und Wertsachen in Superm\u00e4rkten und Restaurants entwickelt. Mit einem gro\u00dfz\u00fcgigen Volumen von 59 Litern und einem robusten Schlie\u00dfsystem bietet dieser Tresor maximalen Schutz.<\/p>\n","protected":false},"featured_media":519954,"template":"","meta":{"_acf_changed":false},"product_brand":[],"product_cat":[3269],"product_tag":[],"class_list":{"0":"post-501272","1":"product","2":"type-product","3":"status-publish","4":"has-post-thumbnail","6":"product_cat-einwurftresore","8":"first","9":"instock","10":"taxable","11":"shipping-taxable","12":"purchasable","13":"product-type-simple"},"acf":[],"_links":{"self":[{"href":"https:\/\/arcasgruber.com\/de\/wp-json\/wp\/v2\/product\/501272","targetHints":{"allow":["GET"]}}],"collection":[{"href":"https:\/\/arcasgruber.com\/de\/wp-json\/wp\/v2\/product"}],"about":[{"href":"https:\/\/arcasgruber.com\/de\/wp-json\/wp\/v2\/types\/product"}],"version-history":[{"count":0,"href":"https:\/\/arcasgruber.com\/de\/wp-json\/wp\/v2\/product\/501272\/revisions"}],"wp:featuredmedia":[{"embeddable":true,"href":"https:\/\/arcasgruber.com\/de\/wp-json\/wp\/v2\/media\/519954"}],"wp:attachment":[{"href":"https:\/\/arcasgruber.com\/de\/wp-json\/wp\/v2\/media?parent=501272"}],"wp:term":[{"taxonomy":"product_brand","embeddable":true,"href":"https:\/\/arcasgruber.com\/de\/wp-json\/wp\/v2\/product_brand?post=501272"},{"taxonomy":"product_cat","embeddable":true,"href":"https:\/\/arcasgruber.com\/de\/wp-json\/wp\/v2\/product_cat?post=501272"},{"taxonomy":"product_tag","embeddable":true,"href":"https:\/\/arcasgruber.com\/de\/wp-json\/wp\/v2\/product_tag?post=501272"}],"curies":[{"name":"wp","href":"https:\/\/api.w.org\/{rel}","templated":true}]}}