{"id":501266,"date":"2019-05-29T11:24:56","date_gmt":"2019-05-29T09:24:56","guid":{"rendered":"https:\/\/arcasgruber.com\/unkategorisiert\/c1395\/"},"modified":"2026-01-15T12:50:43","modified_gmt":"2026-01-15T11:50:43","slug":"einwurftresor-c1395","status":"publish","type":"product","link":"https:\/\/arcasgruber.com\/de\/tresore\/einwurftresore\/einwurftresor-c1395\/","title":{"rendered":"Einwurftresor C1395"},"content":{"rendered":"<h2 id=\"beschreibung-lang\">Einwurftresor C1395<\/h2>\n<ul>\n<li><strong>Au\u00dfenma\u00dfe:<\/strong> 1395 x 585 x 465 mm (H\u00f6he x Breite x Tiefe)<\/li>\n<li><strong>Innenma\u00dfe (obere Box):<\/strong> 720 x 475 x 320 mm (H\u00f6he x Breite x Tiefe)<\/li>\n<li><strong>Innenma\u00dfe (untere Box):<\/strong> 550 x 420 x 270 mm (H\u00f6he x Breite x Tiefe)<\/li>\n<li><strong>Volumen:<\/strong> ca. 172 l<\/li>\n<li><strong>Gewicht:<\/strong> ca. 544 kg<\/li>\n<li><strong>Wandst\u00e4rke:<\/strong> 55 mm<\/li>\n<li><strong>T\u00fcrst\u00e4rke:<\/strong> 80 mm<\/li>\n<li><strong>Schlie\u00dfmechanismus:<\/strong> 18 mm starke Riegel mit Anti-S\u00e4ge-Schutz<\/li>\n<\/ul>\n<p><strong>Besonderheiten:<\/strong> Doppelbartschloss, Anti-Entnahmeschutz, zwei herausnehmbare Einlegeb\u00f6den und 180\u00b0 T\u00fcr\u00f6ffnungswinkel. Ideal f\u00fcr den Einsatz in Superm\u00e4rkten und Restaurants.<\/p>\n<p>Entdecken Sie weitere Optionen in unserer Kategorie <a href=\"https:\/\/arcasgruber.com\/de\/tresore\/einwurftresore\/\" target=\"_blank\" rel=\"noopener\">Einwurftresore<\/a>.<\/p>\n<h3>Verschlussoptionen<\/h3>\n<ul>\n<li>2 x Doppelbart-Hochsicherheitsschloss<\/li>\n<li>Mechanisches Zahlenschloss<\/li>\n<li>Elektronikschloss<\/li>\n<li>Programmierbares Elektronikschloss<\/li>\n<li>Biometrie Elektronikschloss<\/li>\n<\/ul>\n","protected":false},"excerpt":{"rendered":"<p>Der Einwurftresor C1395 von Arcas Gruber wurde speziell f\u00fcr den Einsatz in Superm\u00e4rkten und Restaurants entwickelt. Mit seinen gro\u00dfz\u00fcgigen Ma\u00dfen und einem Volumen von 172 Litern bietet er optimalen Schutz f\u00fcr Bargeld und Wertsachen.<\/p>\n","protected":false},"featured_media":519995,"template":"","meta":{"_acf_changed":false},"product_brand":[],"product_cat":[3269],"product_tag":[],"class_list":{"0":"post-501266","1":"product","2":"type-product","3":"status-publish","4":"has-post-thumbnail","6":"product_cat-einwurftresore","8":"first","9":"instock","10":"taxable","11":"shipping-taxable","12":"purchasable","13":"product-type-simple"},"acf":[],"_links":{"self":[{"href":"https:\/\/arcasgruber.com\/de\/wp-json\/wp\/v2\/product\/501266","targetHints":{"allow":["GET"]}}],"collection":[{"href":"https:\/\/arcasgruber.com\/de\/wp-json\/wp\/v2\/product"}],"about":[{"href":"https:\/\/arcasgruber.com\/de\/wp-json\/wp\/v2\/types\/product"}],"version-history":[{"count":0,"href":"https:\/\/arcasgruber.com\/de\/wp-json\/wp\/v2\/product\/501266\/revisions"}],"wp:featuredmedia":[{"embeddable":true,"href":"https:\/\/arcasgruber.com\/de\/wp-json\/wp\/v2\/media\/519995"}],"wp:attachment":[{"href":"https:\/\/arcasgruber.com\/de\/wp-json\/wp\/v2\/media?parent=501266"}],"wp:term":[{"taxonomy":"product_brand","embeddable":true,"href":"https:\/\/arcasgruber.com\/de\/wp-json\/wp\/v2\/product_brand?post=501266"},{"taxonomy":"product_cat","embeddable":true,"href":"https:\/\/arcasgruber.com\/de\/wp-json\/wp\/v2\/product_cat?post=501266"},{"taxonomy":"product_tag","embeddable":true,"href":"https:\/\/arcasgruber.com\/de\/wp-json\/wp\/v2\/product_tag?post=501266"}],"curies":[{"name":"wp","href":"https:\/\/api.w.org\/{rel}","templated":true}]}}