{"id":501258,"date":"2024-03-13T12:13:41","date_gmt":"2024-03-13T11:13:41","guid":{"rendered":"https:\/\/arcasgruber.com\/unkategorisiert\/c40r\/"},"modified":"2026-01-15T09:08:39","modified_gmt":"2026-01-15T08:08:39","slug":"einwurftresor-c40r","status":"publish","type":"product","link":"https:\/\/arcasgruber.com\/de\/tresore\/einwurftresore\/einwurftresor-c40r\/","title":{"rendered":"Einwurftresor C40R"},"content":{"rendered":"<h2 id=\"beschreibung-lang\">Einwurftresor C40R<\/h2>\n<ul>\n<li><strong>Au\u00dfenma\u00dfe:<\/strong> 380 x 455 x 385 mm (H\u00f6he x Breite x Tiefe)<\/li>\n<li><strong>Innenma\u00dfe:<\/strong> 300 x 370 x 255 mm (H\u00f6he x Breite x Tiefe)<\/li>\n<li><strong>Volumen:<\/strong> ca. 28 l<\/li>\n<li><strong>Gewicht:<\/strong> ca. 101 kg<\/li>\n<li><strong>Wandst\u00e4rke:<\/strong> 45 mm<\/li>\n<li><strong>T\u00fcrst\u00e4rke:<\/strong> 80 mm<\/li>\n<li><strong>Schlie\u00dfmechanismus:<\/strong> 20 mm starke Riegel mit Anti-S\u00e4ge-Schutz<\/li>\n<\/ul>\n<p><strong>Besonderheiten:<\/strong> Doppelbartschloss und mechanisches Kombinationsschloss, Einwurfschlitz mit Antifisch-Schutz. Eine herausnehmbare Einlegeboden und der 180\u00b0 T\u00fcr\u00f6ffnungswinkel bieten einfachen Zugang. Ideal f\u00fcr den Einsatz in Unternehmen und Gesch\u00e4ften.<\/p>\n<p>Entdecken Sie weitere Optionen in unserer Kategorie <a href=\"https:\/\/arcasgruber.com\/de\/tresore\/einwurftresore\/\" target=\"_blank\" rel=\"noopener\">Einwurftresore<\/a>.<\/p>\n<h3>Verschlussoptionen<\/h3>\n<ul>\n<li>2 x Doppelbart-Hochsicherheitsschloss<\/li>\n<li>Mechanisches Zahlenschloss<\/li>\n<li>Elektronikschloss<\/li>\n<li>Programmierbares Elektronikschloss<\/li>\n<li>Biometrie Elektronikschloss<\/li>\n<\/ul>\n","protected":false},"excerpt":{"rendered":"<p>Der Einwurftresor C40R von Arcas Gruber wurde speziell f\u00fcr den Schutz von Bargeld und Dokumenten in Unternehmen entwickelt. Mit einem Volumen von 28 Litern und robustem Schlie\u00dfsystem bietet dieser Tresor optimalen Schutz.<\/p>\n","protected":false},"featured_media":519784,"template":"","meta":{"_acf_changed":false},"product_brand":[],"product_cat":[3269],"product_tag":[],"class_list":{"0":"post-501258","1":"product","2":"type-product","3":"status-publish","4":"has-post-thumbnail","6":"product_cat-einwurftresore","8":"first","9":"instock","10":"taxable","11":"shipping-taxable","12":"purchasable","13":"product-type-simple"},"acf":[],"_links":{"self":[{"href":"https:\/\/arcasgruber.com\/de\/wp-json\/wp\/v2\/product\/501258","targetHints":{"allow":["GET"]}}],"collection":[{"href":"https:\/\/arcasgruber.com\/de\/wp-json\/wp\/v2\/product"}],"about":[{"href":"https:\/\/arcasgruber.com\/de\/wp-json\/wp\/v2\/types\/product"}],"version-history":[{"count":0,"href":"https:\/\/arcasgruber.com\/de\/wp-json\/wp\/v2\/product\/501258\/revisions"}],"wp:featuredmedia":[{"embeddable":true,"href":"https:\/\/arcasgruber.com\/de\/wp-json\/wp\/v2\/media\/519784"}],"wp:attachment":[{"href":"https:\/\/arcasgruber.com\/de\/wp-json\/wp\/v2\/media?parent=501258"}],"wp:term":[{"taxonomy":"product_brand","embeddable":true,"href":"https:\/\/arcasgruber.com\/de\/wp-json\/wp\/v2\/product_brand?post=501258"},{"taxonomy":"product_cat","embeddable":true,"href":"https:\/\/arcasgruber.com\/de\/wp-json\/wp\/v2\/product_cat?post=501258"},{"taxonomy":"product_tag","embeddable":true,"href":"https:\/\/arcasgruber.com\/de\/wp-json\/wp\/v2\/product_tag?post=501258"}],"curies":[{"name":"wp","href":"https:\/\/api.w.org\/{rel}","templated":true}]}}