{"id":501256,"date":"2024-03-13T12:13:43","date_gmt":"2024-03-13T11:13:43","guid":{"rendered":"https:\/\/arcasgruber.com\/unkategorisiert\/c53r\/"},"modified":"2026-01-15T09:50:31","modified_gmt":"2026-01-15T08:50:31","slug":"einwurftresor-c53r","status":"publish","type":"product","link":"https:\/\/arcasgruber.com\/de\/tresore\/einwurftresore\/einwurftresor-c53r\/","title":{"rendered":"Einwurftresor C53R"},"content":{"rendered":"<h2 id=\"beschreibung-lang\">Einwurftresor C53R<\/h2>\n<ul>\n<li><strong>Au\u00dfenma\u00dfe:<\/strong> 520 x 405 x 385 mm (H\u00f6he x Breite x Tiefe)<\/li>\n<li><strong>Innenma\u00dfe:<\/strong> 440 x 320 x 260 mm (H\u00f6he x Breite x Tiefe)<\/li>\n<li><strong>Volumen:<\/strong> ca. 36 l<\/li>\n<li><strong>Gewicht:<\/strong> ca. 125 kg<\/li>\n<li><strong>Wandst\u00e4rke:<\/strong> 45 mm<\/li>\n<li><strong>T\u00fcrst\u00e4rke:<\/strong> 80 mm<\/li>\n<li><strong>Schlie\u00dfmechanismus:<\/strong> 20 mm starke Riegel<\/li>\n<\/ul>\n<p><strong>Besonderheiten:<\/strong> Doppelbartschloss und mechanisches Kombinationsschloss, Einwurfschlitz mit Antifisch-Schutz. Zwei herausnehmbare Einlegeb\u00f6den und der 180\u00b0 T\u00fcr\u00f6ffnungswinkel sorgen f\u00fcr einfachen Zugang. Ideal f\u00fcr den Einsatz in Haushalten und Gesch\u00e4ften.<\/p>\n<p>Entdecken Sie weitere Optionen in unserer Kategorie <a href=\"https:\/\/arcasgruber.com\/de\/tresore\/einwurftresore\/\" target=\"_blank\" rel=\"noopener\">Einwurftresore<\/a>.<\/p>\n<h3>Verschlussoptionen<\/h3>\n<ul>\n<li>2 x Doppelbart-Hochsicherheitsschloss<\/li>\n<li>Mechanisches Zahlenschloss<\/li>\n<li>Elektronikschloss<\/li>\n<li>Programmierbares Elektronikschloss<\/li>\n<li>Biometrie Elektronikschloss<\/li>\n<\/ul>\n","protected":false},"excerpt":{"rendered":"<p>Der Einwurftresor C53R von Arcas Gruber ist ideal f\u00fcr den Schutz von Bargeld und Wertsachen in Haushalten und Gesch\u00e4ften. Mit seinen kompakten Ma\u00dfen von 520 x 405 x 385 mm und einem Volumen von 36 Litern bietet dieser Tresor maximale Sicherheit.<\/p>\n","protected":false},"featured_media":519807,"template":"","meta":{"_acf_changed":false},"product_brand":[],"product_cat":[3269],"product_tag":[],"class_list":{"0":"post-501256","1":"product","2":"type-product","3":"status-publish","4":"has-post-thumbnail","6":"product_cat-einwurftresore","8":"first","9":"instock","10":"taxable","11":"shipping-taxable","12":"purchasable","13":"product-type-simple"},"acf":[],"_links":{"self":[{"href":"https:\/\/arcasgruber.com\/de\/wp-json\/wp\/v2\/product\/501256","targetHints":{"allow":["GET"]}}],"collection":[{"href":"https:\/\/arcasgruber.com\/de\/wp-json\/wp\/v2\/product"}],"about":[{"href":"https:\/\/arcasgruber.com\/de\/wp-json\/wp\/v2\/types\/product"}],"version-history":[{"count":0,"href":"https:\/\/arcasgruber.com\/de\/wp-json\/wp\/v2\/product\/501256\/revisions"}],"wp:featuredmedia":[{"embeddable":true,"href":"https:\/\/arcasgruber.com\/de\/wp-json\/wp\/v2\/media\/519807"}],"wp:attachment":[{"href":"https:\/\/arcasgruber.com\/de\/wp-json\/wp\/v2\/media?parent=501256"}],"wp:term":[{"taxonomy":"product_brand","embeddable":true,"href":"https:\/\/arcasgruber.com\/de\/wp-json\/wp\/v2\/product_brand?post=501256"},{"taxonomy":"product_cat","embeddable":true,"href":"https:\/\/arcasgruber.com\/de\/wp-json\/wp\/v2\/product_cat?post=501256"},{"taxonomy":"product_tag","embeddable":true,"href":"https:\/\/arcasgruber.com\/de\/wp-json\/wp\/v2\/product_tag?post=501256"}],"curies":[{"name":"wp","href":"https:\/\/api.w.org\/{rel}","templated":true}]}}