{"id":501254,"date":"2024-03-13T12:13:45","date_gmt":"2024-03-13T11:13:45","guid":{"rendered":"https:\/\/arcasgruber.com\/unkategorisiert\/c62r\/"},"modified":"2026-01-15T10:03:09","modified_gmt":"2026-01-15T09:03:09","slug":"einwurftresor-c62r","status":"publish","type":"product","link":"https:\/\/arcasgruber.com\/de\/tresore\/einwurftresore\/einwurftresor-c62r\/","title":{"rendered":"Einwurftresor C62R"},"content":{"rendered":"<h2 id=\"beschreibung-lang\">Einwurftresor C62R<\/h2>\n<ul>\n<li><strong>Au\u00dfenma\u00dfe:<\/strong> 620 x 455 x 385 mm (H\u00f6he x Breite x Tiefe)<\/li>\n<li><strong>Innenma\u00dfe:<\/strong> 530 x 370 x 260 mm (H\u00f6he x Breite x Tiefe)<\/li>\n<li><strong>Volumen:<\/strong> ca. 51 l<\/li>\n<li><strong>Gewicht:<\/strong> ca. 150 kg<\/li>\n<li><strong>Wandst\u00e4rke:<\/strong> 45 mm<\/li>\n<li><strong>T\u00fcrst\u00e4rke:<\/strong> 80 mm<\/li>\n<li><strong>Schlie\u00dfmechanismus:<\/strong> 20 mm starke Riegel mit Anti-S\u00e4ge-Schutz<\/li>\n<\/ul>\n<p><strong>Besonderheiten:<\/strong> Doppelbartschloss, Anti-Entnahmeschutz, zwei herausnehmbare Einlegeb\u00f6den und 180\u00b0 T\u00fcr\u00f6ffnungswinkel sorgen f\u00fcr leichten Zugang. Ideal f\u00fcr den Einsatz in Unternehmen und Gesch\u00e4ften.<\/p>\n<p>Entdecken Sie weitere Optionen in unserer Kategorie <a href=\"https:\/\/arcasgruber.com\/de\/tresore\/einwurftresore\/\" target=\"_blank\" rel=\"noopener\">Einwurftresore<\/a>.<\/p>\n<h3>Verschlussoptionen<\/h3>\n<ul>\n<li>2 x Doppelbart-Hochsicherheitsschloss<\/li>\n<li>Mechanisches Zahlenschloss<\/li>\n<li>Elektronikschloss<\/li>\n<li>Programmierbares Elektronikschloss<\/li>\n<li>Biometrie Elektronikschloss<\/li>\n<\/ul>\n","protected":false},"excerpt":{"rendered":"<p>Der Einwurftresor C62R von Arcas Gruber bietet mit seinen kompakten Ma\u00dfen von 620 x 455 x 385 mm und einem Volumen von 51 Litern optimalen Schutz f\u00fcr Bargeld und Wertgegenst\u00e4nde. Ideal f\u00fcr Unternehmen, die auf Sicherheit angewiesen sind.<\/p>\n","protected":false},"featured_media":519821,"template":"","meta":{"_acf_changed":false},"product_brand":[],"product_cat":[3269],"product_tag":[],"class_list":{"0":"post-501254","1":"product","2":"type-product","3":"status-publish","4":"has-post-thumbnail","6":"product_cat-einwurftresore","8":"first","9":"instock","10":"taxable","11":"shipping-taxable","12":"purchasable","13":"product-type-simple"},"acf":[],"_links":{"self":[{"href":"https:\/\/arcasgruber.com\/de\/wp-json\/wp\/v2\/product\/501254","targetHints":{"allow":["GET"]}}],"collection":[{"href":"https:\/\/arcasgruber.com\/de\/wp-json\/wp\/v2\/product"}],"about":[{"href":"https:\/\/arcasgruber.com\/de\/wp-json\/wp\/v2\/types\/product"}],"version-history":[{"count":0,"href":"https:\/\/arcasgruber.com\/de\/wp-json\/wp\/v2\/product\/501254\/revisions"}],"wp:featuredmedia":[{"embeddable":true,"href":"https:\/\/arcasgruber.com\/de\/wp-json\/wp\/v2\/media\/519821"}],"wp:attachment":[{"href":"https:\/\/arcasgruber.com\/de\/wp-json\/wp\/v2\/media?parent=501254"}],"wp:term":[{"taxonomy":"product_brand","embeddable":true,"href":"https:\/\/arcasgruber.com\/de\/wp-json\/wp\/v2\/product_brand?post=501254"},{"taxonomy":"product_cat","embeddable":true,"href":"https:\/\/arcasgruber.com\/de\/wp-json\/wp\/v2\/product_cat?post=501254"},{"taxonomy":"product_tag","embeddable":true,"href":"https:\/\/arcasgruber.com\/de\/wp-json\/wp\/v2\/product_tag?post=501254"}],"curies":[{"name":"wp","href":"https:\/\/api.w.org\/{rel}","templated":true}]}}