{"id":501250,"date":"2024-03-13T12:13:55","date_gmt":"2024-03-13T11:13:55","guid":{"rendered":"https:\/\/arcasgruber.com\/unkategorisiert\/c81r\/"},"modified":"2026-01-15T10:39:53","modified_gmt":"2026-01-15T09:39:53","slug":"einwurftresor-c81r","status":"publish","type":"product","link":"https:\/\/arcasgruber.com\/de\/tresore\/einwurftresore\/einwurftresor-c81r\/","title":{"rendered":"Einwurftresor C81R"},"content":{"rendered":"<h2 id=\"beschreibung-lang\">Einwurftresor C81R<\/h2>\n<ul>\n<li><strong>Au\u00dfenma\u00dfe:<\/strong> 810 x 585 x 465 mm (H\u00f6he x Breite x Tiefe)<\/li>\n<li><strong>Innenma\u00dfe:<\/strong> 720 x 475 x 320 mm (H\u00f6he x Breite x Tiefe)<\/li>\n<li><strong>Volumen:<\/strong> ca. 110 l<\/li>\n<li><strong>Gewicht:<\/strong> ca. 294 kg<\/li>\n<li><strong>Wandst\u00e4rke:<\/strong> 55 mm<\/li>\n<li><strong>T\u00fcrst\u00e4rke:<\/strong> 80 mm<\/li>\n<li><strong>Schlie\u00dfmechanismus:<\/strong> 18 mm starke Riegel mit 2 Riegelstangen<\/li>\n<\/ul>\n<p><strong>Besonderheiten:<\/strong> Doppelbartschloss und mechanisches Kombinationsschloss, Anti-S\u00e4ge-Schutz, Einwurfschlitz mit Antifisch-Schutz, zwei herausnehmbare Einlegeb\u00f6den. Der 180\u00b0 T\u00fcr\u00f6ffnungswinkel erm\u00f6glicht einfachen Zugang. Ideal f\u00fcr den gewerblichen Einsatz.<\/p>\n<p>Entdecken Sie weitere Optionen in unserer Kategorie <a href=\"https:\/\/arcasgruber.com\/de\/tresore\/einwurftresore\/\" target=\"_blank\" rel=\"noopener\">Einwurftresore<\/a>.<\/p>\n<h3>Verschlussoptionen<\/h3>\n<ul>\n<li>2 x Doppelbart-Hochsicherheitsschloss<\/li>\n<li>Mechanisches Zahlenschloss<\/li>\n<li>Elektronikschloss<\/li>\n<li>Programmierbares Elektronikschloss<\/li>\n<li>Biometrie Elektronikschloss<\/li>\n<\/ul>\n","protected":false},"excerpt":{"rendered":"<p>Der <strong>Einwurftresor C81R<\/strong> von Arcas Gruber bietet mit seinen Ma\u00dfen von 810 x 585 x 465 mm und einem Volumen von 110 Litern optimalen Schutz f\u00fcr Bargeld und Wertsachen. Ideal f\u00fcr den Einsatz in Gesch\u00e4ften und Unternehmen, die auf eine fortschrittliche Sicherheitsl\u00f6sung angewiesen sind.<\/p>\n","protected":false},"featured_media":519888,"template":"","meta":{"_acf_changed":false},"product_brand":[],"product_cat":[3269],"product_tag":[],"class_list":{"0":"post-501250","1":"product","2":"type-product","3":"status-publish","4":"has-post-thumbnail","6":"product_cat-einwurftresore","8":"first","9":"instock","10":"taxable","11":"shipping-taxable","12":"purchasable","13":"product-type-simple"},"acf":[],"_links":{"self":[{"href":"https:\/\/arcasgruber.com\/de\/wp-json\/wp\/v2\/product\/501250","targetHints":{"allow":["GET"]}}],"collection":[{"href":"https:\/\/arcasgruber.com\/de\/wp-json\/wp\/v2\/product"}],"about":[{"href":"https:\/\/arcasgruber.com\/de\/wp-json\/wp\/v2\/types\/product"}],"version-history":[{"count":0,"href":"https:\/\/arcasgruber.com\/de\/wp-json\/wp\/v2\/product\/501250\/revisions"}],"wp:featuredmedia":[{"embeddable":true,"href":"https:\/\/arcasgruber.com\/de\/wp-json\/wp\/v2\/media\/519888"}],"wp:attachment":[{"href":"https:\/\/arcasgruber.com\/de\/wp-json\/wp\/v2\/media?parent=501250"}],"wp:term":[{"taxonomy":"product_brand","embeddable":true,"href":"https:\/\/arcasgruber.com\/de\/wp-json\/wp\/v2\/product_brand?post=501250"},{"taxonomy":"product_cat","embeddable":true,"href":"https:\/\/arcasgruber.com\/de\/wp-json\/wp\/v2\/product_cat?post=501250"},{"taxonomy":"product_tag","embeddable":true,"href":"https:\/\/arcasgruber.com\/de\/wp-json\/wp\/v2\/product_tag?post=501250"}],"curies":[{"name":"wp","href":"https:\/\/api.w.org\/{rel}","templated":true}]}}