{"id":501238,"date":"2024-07-18T09:57:16","date_gmt":"2024-07-18T07:57:16","guid":{"rendered":"https:\/\/arcasgruber.com\/unkategorisiert\/c1215\/"},"modified":"2026-01-15T13:51:11","modified_gmt":"2026-01-15T12:51:11","slug":"deposittresor-c1215","status":"publish","type":"product","link":"https:\/\/arcasgruber.com\/de\/tresore\/einwurftresore\/deposittresor-c1215\/","title":{"rendered":"Deposittresor C1215"},"content":{"rendered":"<h2 id=\"beschreibung-lang\">Deposittresor C1215<\/h2>\n<ul>\n<li><strong>Au\u00dfenma\u00dfe:<\/strong> 1215 x 530 x 415 mm (H\u00f6he x Breite x Tiefe)<\/li>\n<li><strong>Innenma\u00dfe:<\/strong> Variiert je nach Blockkonfiguration<\/li>\n<li><strong>Volumen:<\/strong> ca. 125 l<\/li>\n<li><strong>Gewicht:<\/strong> ca. 400 kg<\/li>\n<li><strong>Wandst\u00e4rke:<\/strong> 55 mm<\/li>\n<li><strong>T\u00fcrst\u00e4rke:<\/strong> 80 mm<\/li>\n<li><strong>Schlie\u00dfmechanismus:<\/strong> 18 mm starke Riegel und 2 Riegelstangen<\/li>\n<\/ul>\n<p><strong>Besonderheiten:<\/strong> 180\u00b0 T\u00fcr\u00f6ffnungswinkel mit Anti-S\u00e4ge-Schutz, Doppelbartschloss mit zwei Schl\u00fcsseln, 2 herausnehmbare Einlegeb\u00f6den. Ankerl\u00f6cher im Boden zur Befestigung.<\/p>\n<p>Ideal f\u00fcr den Einsatz in Superm\u00e4rkten und Restaurants, um Bargeld sicher aufzubewahren.<\/p>\n<h3>Verschlussoptionen<\/h3>\n<ul>\n<li>2 x Doppelbart-Hochsicherheitsschloss<\/li>\n<li>Mechanisches Zahlenschloss<\/li>\n<li>Elektronikschloss<\/li>\n<li>Programmierbares Elektronikschloss<\/li>\n<li>Biometrie Elektronikschloss<\/li>\n<\/ul>\n","protected":false},"excerpt":{"rendered":"<p>Der <strong>Deposittresor C1215<\/strong> von Arcas Gruber bietet maximale Sicherheit f\u00fcr Superm\u00e4rkte und Restaurants. Mit einem Volumen von 125 Litern und einer robusten Konstruktion ist dieser Tresor ideal f\u00fcr Umgebungen, die eine erweiterte Sicherheitsl\u00f6sung ben\u00f6tigen.<\/p>\n","protected":false},"featured_media":519975,"template":"","meta":{"_acf_changed":false},"product_brand":[],"product_cat":[3269],"product_tag":[],"class_list":{"0":"post-501238","1":"product","2":"type-product","3":"status-publish","4":"has-post-thumbnail","6":"product_cat-einwurftresore","8":"first","9":"instock","10":"taxable","11":"shipping-taxable","12":"purchasable","13":"product-type-simple"},"acf":[],"_links":{"self":[{"href":"https:\/\/arcasgruber.com\/de\/wp-json\/wp\/v2\/product\/501238","targetHints":{"allow":["GET"]}}],"collection":[{"href":"https:\/\/arcasgruber.com\/de\/wp-json\/wp\/v2\/product"}],"about":[{"href":"https:\/\/arcasgruber.com\/de\/wp-json\/wp\/v2\/types\/product"}],"version-history":[{"count":0,"href":"https:\/\/arcasgruber.com\/de\/wp-json\/wp\/v2\/product\/501238\/revisions"}],"wp:featuredmedia":[{"embeddable":true,"href":"https:\/\/arcasgruber.com\/de\/wp-json\/wp\/v2\/media\/519975"}],"wp:attachment":[{"href":"https:\/\/arcasgruber.com\/de\/wp-json\/wp\/v2\/media?parent=501238"}],"wp:term":[{"taxonomy":"product_brand","embeddable":true,"href":"https:\/\/arcasgruber.com\/de\/wp-json\/wp\/v2\/product_brand?post=501238"},{"taxonomy":"product_cat","embeddable":true,"href":"https:\/\/arcasgruber.com\/de\/wp-json\/wp\/v2\/product_cat?post=501238"},{"taxonomy":"product_tag","embeddable":true,"href":"https:\/\/arcasgruber.com\/de\/wp-json\/wp\/v2\/product_tag?post=501238"}],"curies":[{"name":"wp","href":"https:\/\/api.w.org\/{rel}","templated":true}]}}