{"id":501226,"date":"2024-01-04T10:57:41","date_gmt":"2024-01-04T09:57:41","guid":{"rendered":"https:\/\/arcasgruber.com\/unkategorisiert\/cs380-4\/"},"modified":"2024-10-08T13:20:03","modified_gmt":"2024-10-08T11:20:03","slug":"bodentresor-cs380-4","status":"publish","type":"product","link":"https:\/\/arcasgruber.com\/de\/tresore\/bodensafes\/bodentresor-cs380-4\/","title":{"rendered":"Bodentresor CS380\/4"},"content":{"rendered":"<h2 id=\"beschreibung-lang\">Bodentresor CS380\/4<\/h2>\n<ul>\n<li><strong>Au\u00dfenma\u00dfe:<\/strong> 418 x 340 x 544 mm (H\u00f6he x Breite x Tiefe)<\/li>\n<li><strong>Innenma\u00dfe:<\/strong> 294 x 334 x 538 mm (H\u00f6he x Breite x Tiefe)<\/li>\n<li><strong>Volumen:<\/strong> 52,82 l<\/li>\n<li><strong>Gewicht:<\/strong> ca. 53 kg<\/li>\n<li><strong>Schlie\u00dfmechanismus:<\/strong> 3-Riegel-System mit 2 Riegelstangen<\/li>\n<\/ul>\n<p><strong>Besonderheiten:<\/strong> Horizontale \u00d6ffnung, T\u00fcr\u00f6ffnungswinkel 200\u00b0 mit Anti-S\u00e4ge-Schutz, ideal f\u00fcr den Einbau im Boden.<\/p>\n<p><strong>Grundausstattung:<\/strong> Zwei Doppelbartschl\u00f6sser der Klasse 2 VdS, inklusive 2 Schl\u00fcsseln. Polyurethan-Lack in dunkelgrau.<\/p>\n<p><strong>Sicherheitsstufe:<\/strong> Zertifiziert nach EN 1143-1:2019 in Klasse 4.<\/p>\n<h3>Verschlussoptionen<\/h3>\n<ul>\n<li>2 x Doppelbart-Hochsicherheitsschloss<\/li>\n<li>Mechanisches Zahlenschloss<\/li>\n<li>Elektronikschloss<\/li>\n<li>Programmierbares Elektronikschloss<\/li>\n<li>Biometrie Elektronikschloss<\/li>\n<\/ul>\n","protected":false},"excerpt":{"rendered":"<p>Der Bodentresor CS380\/4 bietet mit seinen Ma\u00dfen von 418 x 340 x 544 mm und einem Volumen von 52,82 Litern optimalen Schutz f\u00fcr Wertgegenst\u00e4nde. Ausgestattet mit einem 3-Riegel-Schlie\u00dfsystem, einer horizontalen \u00d6ffnung und einem Anti-S\u00e4gesystem bietet dieser Tresor maximalen Schutz.<\/p>\n","protected":false},"featured_media":501227,"template":"","meta":{"_acf_changed":false},"product_brand":[],"product_cat":[3330,3274,3263],"product_tag":[],"class_list":{"0":"post-501226","1":"product","2":"type-product","3":"status-publish","4":"has-post-thumbnail","6":"product_cat-bodensafes","7":"product_cat-bodentresore","8":"product_cat-tresore","10":"first","11":"instock","12":"downloadable","13":"taxable","14":"shipping-taxable","15":"purchasable","16":"product-type-simple"},"acf":[],"_links":{"self":[{"href":"https:\/\/arcasgruber.com\/de\/wp-json\/wp\/v2\/product\/501226","targetHints":{"allow":["GET"]}}],"collection":[{"href":"https:\/\/arcasgruber.com\/de\/wp-json\/wp\/v2\/product"}],"about":[{"href":"https:\/\/arcasgruber.com\/de\/wp-json\/wp\/v2\/types\/product"}],"version-history":[{"count":0,"href":"https:\/\/arcasgruber.com\/de\/wp-json\/wp\/v2\/product\/501226\/revisions"}],"wp:featuredmedia":[{"embeddable":true,"href":"https:\/\/arcasgruber.com\/de\/wp-json\/wp\/v2\/media\/501227"}],"wp:attachment":[{"href":"https:\/\/arcasgruber.com\/de\/wp-json\/wp\/v2\/media?parent=501226"}],"wp:term":[{"taxonomy":"product_brand","embeddable":true,"href":"https:\/\/arcasgruber.com\/de\/wp-json\/wp\/v2\/product_brand?post=501226"},{"taxonomy":"product_cat","embeddable":true,"href":"https:\/\/arcasgruber.com\/de\/wp-json\/wp\/v2\/product_cat?post=501226"},{"taxonomy":"product_tag","embeddable":true,"href":"https:\/\/arcasgruber.com\/de\/wp-json\/wp\/v2\/product_tag?post=501226"}],"curies":[{"name":"wp","href":"https:\/\/api.w.org\/{rel}","templated":true}]}}