{"id":501220,"date":"2019-05-30T10:09:44","date_gmt":"2019-05-30T08:09:44","guid":{"rendered":"https:\/\/arcasgruber.com\/unkategorisiert\/ss0102e\/"},"modified":"2024-10-08T13:24:41","modified_gmt":"2024-10-08T11:24:41","slug":"elektronischer-dokumententresor-ss0102e","status":"publish","type":"product","link":"https:\/\/arcasgruber.com\/de\/tresore\/dokumententresore\/elektronischer-dokumententresor-ss0102e\/","title":{"rendered":"Elektronischer Dokumententresor SS0102E"},"content":{"rendered":"<h2 id=\"beschreibung-lang\">Dokumententresor SS0102E mit Elektronikschloss<\/h2>\n<ul>\n<li><strong>Au\u00dfenma\u00dfe:<\/strong> 250 x 350 x 250 mm (H\u00f6he x Breite x Tiefe)<\/li>\n<li><strong>Innenma\u00dfe:<\/strong> 240 x 340 x 210 mm (H\u00f6he x Breite x Tiefe)<\/li>\n<li><strong>Volumen:<\/strong> 17 l<\/li>\n<li><strong>Gewicht:<\/strong> ca. 8 kg<\/li>\n<li><strong>B\u00f6den:<\/strong> 1<\/li>\n<li><strong>Elektronikschloss<\/strong><\/li>\n<\/ul>\n<p><strong>Technische Merkmale:<\/strong> Elektronisches Schloss programmierbar mit Benutzer- und Mastercodes. LCD-Anzeige zeigt Uhrzeit, Datum und Sperrstatus an.<\/p>\n<p><strong>Besonderheiten:<\/strong> Notfallschl\u00fcssel und LED-Innenbeleuchtung enthalten. Befestigungsl\u00f6cher zur Wand- oder Bodenmontage sind vorhanden.<\/p>\n<p>Perfekt f\u00fcr den Einsatz in B\u00fcros und Hotels zur sicheren Aufbewahrung von Dokumenten und Wertsachen.<\/p>\n","protected":false},"excerpt":{"rendered":"<p>Der Dokumententresor SS0102E bietet mit seinen Ma\u00dfen von 250 x 350 x 250 mm und einem Volumen von 17 Litern zuverl\u00e4ssigen Schutz f\u00fcr Wertsachen, wichtige Dokumente und elektronische Ger\u00e4te. Ideal f\u00fcr den Einsatz in B\u00fcros und Hotels.<\/p>\n","protected":false},"featured_media":501221,"template":"","meta":{"_acf_changed":false},"product_brand":[],"product_cat":[3266,3263],"product_tag":[],"class_list":{"0":"post-501220","1":"product","2":"type-product","3":"status-publish","4":"has-post-thumbnail","6":"product_cat-dokumententresore","7":"product_cat-tresore","9":"first","10":"instock","11":"taxable","12":"shipping-taxable","13":"purchasable","14":"product-type-simple"},"acf":[],"_links":{"self":[{"href":"https:\/\/arcasgruber.com\/de\/wp-json\/wp\/v2\/product\/501220","targetHints":{"allow":["GET"]}}],"collection":[{"href":"https:\/\/arcasgruber.com\/de\/wp-json\/wp\/v2\/product"}],"about":[{"href":"https:\/\/arcasgruber.com\/de\/wp-json\/wp\/v2\/types\/product"}],"version-history":[{"count":0,"href":"https:\/\/arcasgruber.com\/de\/wp-json\/wp\/v2\/product\/501220\/revisions"}],"wp:featuredmedia":[{"embeddable":true,"href":"https:\/\/arcasgruber.com\/de\/wp-json\/wp\/v2\/media\/501221"}],"wp:attachment":[{"href":"https:\/\/arcasgruber.com\/de\/wp-json\/wp\/v2\/media?parent=501220"}],"wp:term":[{"taxonomy":"product_brand","embeddable":true,"href":"https:\/\/arcasgruber.com\/de\/wp-json\/wp\/v2\/product_brand?post=501220"},{"taxonomy":"product_cat","embeddable":true,"href":"https:\/\/arcasgruber.com\/de\/wp-json\/wp\/v2\/product_cat?post=501220"},{"taxonomy":"product_tag","embeddable":true,"href":"https:\/\/arcasgruber.com\/de\/wp-json\/wp\/v2\/product_tag?post=501220"}],"curies":[{"name":"wp","href":"https:\/\/api.w.org\/{rel}","templated":true}]}}