{"id":501217,"date":"2019-05-30T10:14:58","date_gmt":"2019-05-30T08:14:58","guid":{"rendered":"https:\/\/arcasgruber.com\/unkategorisiert\/ss0103e\/"},"modified":"2024-10-08T13:24:36","modified_gmt":"2024-10-08T11:24:36","slug":"elektronischer-dokumententresor-ss0103e","status":"publish","type":"product","link":"https:\/\/arcasgruber.com\/de\/tresore\/dokumententresore\/elektronischer-dokumententresor-ss0103e\/","title":{"rendered":"Elektronischer Dokumententresor SS0103E"},"content":{"rendered":"<h2 id=\"beschreibung-lang\">Dokumententresor SS0103E mit Elektronikschloss<\/h2>\n<ul>\n<li><strong>Au\u00dfenma\u00dfe:<\/strong> 250 x 450 x 365 mm (H\u00f6he x Breite x Tiefe)<\/li>\n<li><strong>Innenma\u00dfe:<\/strong> 240 x 440 x 325 mm (H\u00f6he x Breite x Tiefe)<\/li>\n<li><strong>Volumen:<\/strong> 34 l<\/li>\n<li><strong>Gewicht:<\/strong> ca. 12 kg<\/li>\n<li><strong>B\u00f6den:<\/strong> 1<\/li>\n<li><strong>Elektronikschloss<\/strong><\/li>\n<\/ul>\n<p><strong>Technische Merkmale:<\/strong> Elektronisches Schloss programmierbar mit Benutzer- und Mastercodes. LCD-Anzeige zeigt Uhrzeit, Datum und Sperrstatus an. Die letzten 45 \u00d6ffnungen k\u00f6nnen zur erh\u00f6hten Sicherheit verfolgt werden.<\/p>\n<p><strong>Besonderheiten:<\/strong> Notfallschl\u00fcssel und LED-Innenbeleuchtung enthalten. Befestigungsl\u00f6cher zur Wand- oder Bodenmontage sind vorhanden.<\/p>\n<p>Perfekt f\u00fcr den Einsatz in B\u00fcros und Hotels, um Dokumente und Wertsachen sicher aufzubewahren.<\/p>\n","protected":false},"excerpt":{"rendered":"<p>Der Dokumententresor SS0103E bietet mit seinen Ma\u00dfen von 250 x 450 x 365 mm und einem Volumen von 34 Litern optimalen Schutz f\u00fcr Wertsachen, wichtige Dokumente und elektronische Ger\u00e4te. Ideal f\u00fcr den Einsatz in B\u00fcros und Hotels.<\/p>\n","protected":false},"featured_media":501218,"template":"","meta":{"_acf_changed":false},"product_brand":[],"product_cat":[3266],"product_tag":[],"class_list":{"0":"post-501217","1":"product","2":"type-product","3":"status-publish","4":"has-post-thumbnail","6":"product_cat-dokumententresore","8":"first","9":"instock","10":"taxable","11":"shipping-taxable","12":"purchasable","13":"product-type-simple"},"acf":[],"_links":{"self":[{"href":"https:\/\/arcasgruber.com\/de\/wp-json\/wp\/v2\/product\/501217","targetHints":{"allow":["GET"]}}],"collection":[{"href":"https:\/\/arcasgruber.com\/de\/wp-json\/wp\/v2\/product"}],"about":[{"href":"https:\/\/arcasgruber.com\/de\/wp-json\/wp\/v2\/types\/product"}],"version-history":[{"count":0,"href":"https:\/\/arcasgruber.com\/de\/wp-json\/wp\/v2\/product\/501217\/revisions"}],"wp:featuredmedia":[{"embeddable":true,"href":"https:\/\/arcasgruber.com\/de\/wp-json\/wp\/v2\/media\/501218"}],"wp:attachment":[{"href":"https:\/\/arcasgruber.com\/de\/wp-json\/wp\/v2\/media?parent=501217"}],"wp:term":[{"taxonomy":"product_brand","embeddable":true,"href":"https:\/\/arcasgruber.com\/de\/wp-json\/wp\/v2\/product_brand?post=501217"},{"taxonomy":"product_cat","embeddable":true,"href":"https:\/\/arcasgruber.com\/de\/wp-json\/wp\/v2\/product_cat?post=501217"},{"taxonomy":"product_tag","embeddable":true,"href":"https:\/\/arcasgruber.com\/de\/wp-json\/wp\/v2\/product_tag?post=501217"}],"curies":[{"name":"wp","href":"https:\/\/api.w.org\/{rel}","templated":true}]}}