{"id":501211,"date":"2019-05-30T10:24:05","date_gmt":"2019-05-30T08:24:05","guid":{"rendered":"https:\/\/arcasgruber.com\/unkategorisiert\/ss0105e\/"},"modified":"2024-10-08T13:23:55","modified_gmt":"2024-10-08T11:23:55","slug":"elektronischer-dokumententresor-ss0105e","status":"publish","type":"product","link":"https:\/\/arcasgruber.com\/de\/tresore\/dokumententresore\/elektronischer-dokumententresor-ss0105e\/","title":{"rendered":"Elektronischer Dokumententresor SS0105E"},"content":{"rendered":"<h2>Dokumententresor SS0105E mit Elektronikschloss<\/h2>\n<ul>\n<li><strong>Au\u00dfenma\u00dfe:<\/strong> 560 x 370 x 445 mm (H\u00f6he x Breite x Tiefe)<\/li>\n<li><strong>Innenma\u00dfe:<\/strong> 556 x 366 x 435 mm (H\u00f6he x Breite x Tiefe)<\/li>\n<li><strong>Volumen:<\/strong> 88 l<\/li>\n<li><strong>Gewicht:<\/strong> ca. 23 kg<\/li>\n<li><strong>F\u00e4cher:<\/strong> 1<\/li>\n<li><strong>Elektronikschloss<\/strong><\/li>\n<\/ul>\n<p><strong>Technische Merkmale:<\/strong> Programmierbares elektronisches Schloss mit Benutzer- und Mastercodes. LCD-Anzeige zeigt Uhrzeit, Datum und den Status der Verriegelung sowie die letzten 45 \u00d6ffnungen.<\/p>\n<p><strong>Besonderheiten:<\/strong> Notfallschl\u00fcssel im Lieferumfang enthalten, LED-Innenbeleuchtung und Befestigungsl\u00f6cher zur Wand- oder Bodenmontage.<\/p>\n<p>Perfekt f\u00fcr den Einsatz in B\u00fcros und Hotels, um Dokumente und Wertgegenst\u00e4nde sicher aufzubewahren.<\/p>\n","protected":false},"excerpt":{"rendered":"<p>Der Dokumententresor SS0105E bietet mit seinen Ma\u00dfen von 560 x 370 x 445 mm und einem Volumen von 88 Litern optimalen Schutz f\u00fcr Dokumente und Wertgegenst\u00e4nde. Er ist mit einer elektronischen programmierbaren Schlie\u00dffunktion und zus\u00e4tzlichen Sicherheitsfunktionen ausgestattet, ideal f\u00fcr den Einsatz in B\u00fcros und Hotels.<\/p>\n","protected":false},"featured_media":501212,"template":"","meta":{"_acf_changed":false},"product_brand":[],"product_cat":[3266],"product_tag":[],"class_list":{"0":"post-501211","1":"product","2":"type-product","3":"status-publish","4":"has-post-thumbnail","6":"product_cat-dokumententresore","8":"first","9":"instock","10":"taxable","11":"shipping-taxable","12":"purchasable","13":"product-type-simple"},"acf":[],"_links":{"self":[{"href":"https:\/\/arcasgruber.com\/de\/wp-json\/wp\/v2\/product\/501211","targetHints":{"allow":["GET"]}}],"collection":[{"href":"https:\/\/arcasgruber.com\/de\/wp-json\/wp\/v2\/product"}],"about":[{"href":"https:\/\/arcasgruber.com\/de\/wp-json\/wp\/v2\/types\/product"}],"version-history":[{"count":0,"href":"https:\/\/arcasgruber.com\/de\/wp-json\/wp\/v2\/product\/501211\/revisions"}],"wp:featuredmedia":[{"embeddable":true,"href":"https:\/\/arcasgruber.com\/de\/wp-json\/wp\/v2\/media\/501212"}],"wp:attachment":[{"href":"https:\/\/arcasgruber.com\/de\/wp-json\/wp\/v2\/media?parent=501211"}],"wp:term":[{"taxonomy":"product_brand","embeddable":true,"href":"https:\/\/arcasgruber.com\/de\/wp-json\/wp\/v2\/product_brand?post=501211"},{"taxonomy":"product_cat","embeddable":true,"href":"https:\/\/arcasgruber.com\/de\/wp-json\/wp\/v2\/product_cat?post=501211"},{"taxonomy":"product_tag","embeddable":true,"href":"https:\/\/arcasgruber.com\/de\/wp-json\/wp\/v2\/product_tag?post=501211"}],"curies":[{"name":"wp","href":"https:\/\/api.w.org\/{rel}","templated":true}]}}