{"id":514621,"date":"2025-09-09T11:48:27","date_gmt":"2025-09-09T09:48:27","guid":{"rendered":"https:\/\/arcasgruber.com\/die-10-sichersten-tresorraume-der-welt\/espana\/"},"modified":"2025-12-04T17:08:52","modified_gmt":"2025-12-04T16:08:52","slug":"spanien","status":"publish","type":"page","link":"https:\/\/arcasgruber.com\/de\/die-10-sichersten-tresorraume-der-welt\/spanien\/","title":{"rendered":"Der sicherste Tresorraum Spaniens"},"content":{"rendered":"\t\t<div data-elementor-type=\"wp-page\" data-elementor-id=\"514621\" class=\"elementor elementor-514621 elementor-513013\" data-elementor-post-type=\"page\">\n\t\t\t\t\t\t<section class=\"has_ae_slider elementor-section elementor-top-section elementor-element elementor-element-9b9c521 elementor-section-boxed elementor-section-height-default elementor-section-height-default wd-section-disabled ae-bg-gallery-type-default\" data-id=\"9b9c521\" data-element_type=\"section\">\n\t\t\t\t\t\t<div class=\"elementor-container elementor-column-gap-default\">\n\t\t\t\t\t<div class=\"has_ae_slider elementor-column elementor-col-100 elementor-top-column elementor-element elementor-element-7bef250 ae-bg-gallery-type-default\" data-id=\"7bef250\" data-element_type=\"column\">\n\t\t\t<div class=\"elementor-widget-wrap elementor-element-populated\">\n\t\t\t\t\t\t<div class=\"elementor-element elementor-element-0f48c4f elementor-widget elementor-widget-wd_text_block\" data-id=\"0f48c4f\" data-element_type=\"widget\" data-widget_type=\"wd_text_block.default\">\n\t\t\t\t<div class=\"elementor-widget-container\">\n\t\t\t\t\t\t\t<div class=\"wd-text-block reset-last-child text-left\">\n\t\t\t\n\t\t\t<p>Im Herzen Madrids, 48 Meter tief unter dem imposanten Geb\u00e4ude der Bank von Spanien, befindet sich einer der sichersten <strong>Tresorr\u00e4ume<\/strong> Europas. Seit seiner Inbetriebnahme vor \u00fcber 77 Jahren hat niemand gewagt, die legend\u00e4re Goldkammer anzugreifen \u2013 die Chance, lebend herauszukommen, w\u00e4re nahezu null. Mit Panzert\u00fcren von \u00fcber 15 Tonnen, einem einzigartigen Flutungsmechanismus und massiven Schutzschichten gilt sie als <strong>der sicherste Tresorraum Spaniens<\/strong>.<\/p><h2>Ein un\u00fcberwindbarer Wasser-Fallenmechanismus<\/h2><p>Das Besondere an dieser Kammer ist nicht nur ihre Tiefe oder die tonnenschweren T\u00fcren, sondern ihr Verteidigungssystem: Bei einem Einbruchsversuch k\u00f6nnen zwei unterirdische Wasserl\u00e4ufe \u2013 \u201eLas Pascualas\u201c und \u201eOropesa\u201c \u2013 den Zugangskorridor fluten und das Eindringen unm\u00f6glich machen. In einem \u00fcberfluteten Umfeld sind elektrische oder thermische Werkzeuge nutzlos, und die Sicherheitsteams gewinnen wertvolle Zeit.<\/p><h2>Eine Konstruktion aus Ingenieurskunst<\/h2><p>Zwischen 1929 und 1936 unter Leitung des Architekten Jos\u00e9 Yarnoz gebaut, beruht die Kammer auf einem komplexen architektonischen Konzept. Die Regale, auf denen heute die Goldbarren lagern, wurden vom Ingenieur Eiffel entworfen. Hier befindet sich etwa ein Drittel der spanischen Goldreserven: <strong>5.400 Standardbarren \u00e0 12,5 kg<\/strong>, im Wert von mehr als 12 Milliarden Euro. Der Rest liegt in Fort Knox (USA) und in London.<\/p><h2>Mehrere Sicherheitsschleusen<\/h2><ul><li>Eine erste Panzert\u00fcr von 15 Tonnen, die zweimal j\u00e4hrlich mit Vaseline gepflegt wird, um Korrosion zu verhindern.<\/li><li>Zwei Aufz\u00fcge, die 36 Meter in die Tiefe f\u00fchren.<\/li><li>Eine kleine Br\u00fccke, die \u00fcber einen unterirdischen Graben f\u00fchrt.<\/li><li>Zwei weitere Panzert\u00fcren von jeweils 13,5 Tonnen, die mit einem Interlock-System gesichert sind.<\/li><\/ul><p>Jeder Zugang erfordert zwei Schl\u00fcssel und zwei Codes, die auf verschiedene Verantwortliche verteilt sind. Niemals darf eine Person allein die T\u00fcren \u00f6ffnen.<\/p><h2>Institutionelle Tresore und Sammlungen<\/h2><p>Im Inneren gibt es separate Abteile f\u00fcr das Wirtschaftsministerium, das Justizministerium, den Ombudsmann und die Bank von Spanien selbst. Neben dem Gold werden auch \u00fcber <strong>500.000 numismatische Sammlerst\u00fccke<\/strong> sowie fast zwei Millionen m\u00fcnzbewertete Objekte aufbewahrt.<\/p><h2>Ein Tresorraum mit Geschichte<\/h2><p>Die Goldkammer \u00fcberstand die Bombardierungen des spanischen B\u00fcrgerkriegs unbeschadet und diente damals sogar als Schutzbunker f\u00fcr Bankangestellte und ihre Familien, die bis in die 1990er Jahre in unterirdischen Wohnungen lebten. Ein Spiegelkorridor um die Kammer herum erm\u00f6glichte es Sicherheitskr\u00e4ften, Eindringlinge schon durch Silhouetten zu erkennen.<\/p><h2>Goldreserven halbiert<\/h2><p>1999 verf\u00fcgte Spanien noch \u00fcber 523 Tonnen Gold. Zwischen 2004 und 2007 wurden jedoch fast die H\u00e4lfte dieser Reserven verkauft \u2013 unter der Regierung von Pedro Solbes. Heute sind es noch etwa <strong>281 Tonnen Gold<\/strong> (9,1 Millionen Feinunzen). Seit 2007 wurden die Best\u00e4nde nicht mehr angetastet. Europ\u00e4ische Zentralbank-Vereinbarungen begrenzen seither die Verk\u00e4ufe, um die Marktstabilit\u00e4t zu sch\u00fctzen.<\/p><h2>Ein weltweites Symbol der physischen Sicherheit<\/h2><p>Mit einer Gesamtfl\u00e4che von 2.500 m\u00b2 (davon 1.500 m\u00b2 nutzbar) ist dieser Tresorraum ein internationales Referenzmodell. Massive Schutzschichten, ein hydraulisches Flutsystem, redundante Zugangskontrollen und jahrzehntelange Geheimhaltung machen ihn zu einem der sichersten Orte der Welt.<\/p><p><strong>Arcas Gruber<\/strong> baut zwar keine Tresorr\u00e4ume 48 Meter unter der Erde, doch wir bieten die besten <a href=\"https:\/\/arcasgruber.com\/de\/tresore\/\"><span style=\"text-decoration: underline;\"><strong>Tresore<\/strong><\/span><\/a> und <span style=\"text-decoration: underline;\"><strong>Euro-Grade-Tresore<\/strong><\/span> f\u00fcr Banken, Unternehmen und Privatkunden. Entdecken Sie auch unsere <span style=\"text-decoration: underline;\"><strong><a href=\"https:\/\/arcasgruber.com\/de\/tresore\/wandtresore\/\">zertifizierten Wandtresore<\/a><\/strong><\/span>, die nach denselben Prinzipien der multilayer Sicherheit gebaut sind.<\/p>\n\t\t\t\t\t<\/div>\n\t\t\t\t\t\t<\/div>\n\t\t\t\t<\/div>\n\t\t\t\t\t<\/div>\n\t\t<\/div>\n\t\t\t\t\t<\/div>\n\t\t<\/section>\n\t\t\t\t<\/div>\n\t\t","protected":false},"excerpt":{"rendered":"<p>Im Herzen Madrids, 48 Meter tief unter dem imposanten Geb\u00e4ude der Bank von Spanien, befindet sich einer der sichersten Tresorr\u00e4ume<\/p>\n","protected":false},"author":3,"featured_media":513069,"parent":512873,"menu_order":0,"comment_status":"closed","ping_status":"closed","template":"","meta":{"_acf_changed":false,"footnotes":""},"class_list":["post-514621","page","type-page","status-publish","has-post-thumbnail","hentry"],"acf":[],"_links":{"self":[{"href":"https:\/\/arcasgruber.com\/de\/wp-json\/wp\/v2\/pages\/514621","targetHints":{"allow":["GET"]}}],"collection":[{"href":"https:\/\/arcasgruber.com\/de\/wp-json\/wp\/v2\/pages"}],"about":[{"href":"https:\/\/arcasgruber.com\/de\/wp-json\/wp\/v2\/types\/page"}],"author":[{"embeddable":true,"href":"https:\/\/arcasgruber.com\/de\/wp-json\/wp\/v2\/users\/3"}],"replies":[{"embeddable":true,"href":"https:\/\/arcasgruber.com\/de\/wp-json\/wp\/v2\/comments?post=514621"}],"version-history":[{"count":0,"href":"https:\/\/arcasgruber.com\/de\/wp-json\/wp\/v2\/pages\/514621\/revisions"}],"up":[{"embeddable":true,"href":"https:\/\/arcasgruber.com\/de\/wp-json\/wp\/v2\/pages\/512873"}],"wp:featuredmedia":[{"embeddable":true,"href":"https:\/\/arcasgruber.com\/de\/wp-json\/wp\/v2\/media\/513069"}],"wp:attachment":[{"href":"https:\/\/arcasgruber.com\/de\/wp-json\/wp\/v2\/media?parent=514621"}],"curies":[{"name":"wp","href":"https:\/\/api.w.org\/{rel}","templated":true}]}}