{"id":511330,"date":"2025-06-19T12:53:34","date_gmt":"2025-06-19T10:53:34","guid":{"rendered":"https:\/\/arcasgruber.com\/safes-worldwide\/"},"modified":"2025-09-25T07:49:15","modified_gmt":"2025-09-25T05:49:15","slug":"export-international-tresor","status":"publish","type":"page","link":"https:\/\/arcasgruber.com\/de\/export-international-tresor\/","title":{"rendered":"Hersteller und Exporteur von Zertifizierten Tresoren"},"content":{"rendered":"\t\t<div data-elementor-type=\"wp-page\" data-elementor-id=\"511330\" class=\"elementor elementor-511330 elementor-509862\" data-elementor-post-type=\"page\">\n\t\t\t\t\t\t<section class=\"has_ae_slider elementor-section elementor-top-section elementor-element elementor-element-d6d3d88 elementor-section-boxed elementor-section-height-default elementor-section-height-default wd-section-disabled ae-bg-gallery-type-default\" data-id=\"d6d3d88\" data-element_type=\"section\">\n\t\t\t\t\t\t<div class=\"elementor-container elementor-column-gap-default\">\n\t\t\t\t\t<div class=\"has_ae_slider elementor-column elementor-col-100 elementor-top-column elementor-element elementor-element-aa08c87 ae-bg-gallery-type-default\" data-id=\"aa08c87\" data-element_type=\"column\">\n\t\t\t<div class=\"elementor-widget-wrap elementor-element-populated\">\n\t\t\t\t\t\t<div class=\"elementor-element elementor-element-5676606 elementor-widget elementor-widget-wd_text_block\" data-id=\"5676606\" data-element_type=\"widget\" data-widget_type=\"wd_text_block.default\">\n\t\t\t\t<div class=\"elementor-widget-container\">\n\t\t\t\t\t\t\t<div class=\"wd-text-block reset-last-child text-left\">\n\t\t\t\n\t\t\t<p>Bei <strong>Arcas Gruber<\/strong> produzieren und exportieren wir mit Stolz <a href=\"https:\/\/arcasgruber.com\/de\/tresore\/\"><span style=\"text-decoration: underline;\"><strong>Hochsicherheitstresore<\/strong><\/span><\/a> und zertifizierte Panzert\u00fcren an Kunden in ganz Europa und weltweit. Mit \u00fcber einem Jahrhundert Erfahrung im Bereich physischer Sicherheit verbinden unsere Produkte modernste Technik, international anerkannte Zertifizierungen und ma\u00dfgeschneiderte L\u00f6sungen f\u00fcr die anspruchsvollsten M\u00e4rkte.<\/p><h2>Globale Fertigungskompetenz Seit 1908<\/h2><p>Gegr\u00fcndet 1908 in Spanien, hat sich Arcas Gruber als zuverl\u00e4ssiger Partner in der internationalen Sicherheitsbranche etabliert. Unsere Produktionsanlagen sind mit modernster Technologie ausgestattet, um ein breites Sortiment an <strong><a href=\"https:\/\/arcasgruber.com\/de\/tresore\/\"><span style=\"text-decoration: underline;\">Hochsicherheitstresoren<\/span><\/a>, Panzert\u00fcren, Tresorr\u00e4umen, feuerfesten Tresoren und spezialisierten Sicherheitssystemen<\/strong> zu entwickeln, herzustellen und zu zertifizieren.<\/p><p>Unsere Fertigung entspricht den strengsten internationalen Standards, darunter:<\/p><ul><li><strong>UNE EN 1143-1:2019<\/strong> (zertifizierte Einbruchschutz-Tresore und Panzert\u00fcren)<\/li><li><strong>ECB\u00b7S Zertifizierung<\/strong> (European Certification Body)<\/li><li><strong>Feuerwiderstands-Normen<\/strong> (f\u00fcr feuerfeste Tresore und Schr\u00e4nke)<\/li><li><strong>Ballistische Widerstandszertifizierungen<\/strong> (FB4, FB6, FB7 usw.)<\/li><\/ul><p>Dank dieser umfangreichen Zertifizierungen liefern wir L\u00f6sungen, die den Anforderungen von Beh\u00f6rden, Finanzinstituten, Milit\u00e4r, Institutionen und dem privaten Sektor weltweit gerecht werden.<\/p>\n\t\t\t\t\t<\/div>\n\t\t\t\t\t\t<\/div>\n\t\t\t\t<\/div>\n\t\t\t\t\t<\/div>\n\t\t<\/div>\n\t\t\t\t\t<\/div>\n\t\t<\/section>\n\t\t\t\t<section class=\"has_ae_slider elementor-section elementor-top-section elementor-element elementor-element-4b22ca9 elementor-section-boxed elementor-section-height-default elementor-section-height-default wd-section-disabled ae-bg-gallery-type-default\" data-id=\"4b22ca9\" data-element_type=\"section\">\n\t\t\t\t\t\t<div class=\"elementor-container elementor-column-gap-default\">\n\t\t\t\t\t<div class=\"has_ae_slider elementor-column elementor-col-50 elementor-top-column elementor-element elementor-element-cb702c8 ae-bg-gallery-type-default\" data-id=\"cb702c8\" data-element_type=\"column\">\n\t\t\t<div class=\"elementor-widget-wrap elementor-element-populated\">\n\t\t\t\t\t\t<div class=\"elementor-element elementor-element-bb27e3a elementor-widget elementor-widget-wd_image_or_svg\" data-id=\"bb27e3a\" data-element_type=\"widget\" data-widget_type=\"wd_image_or_svg.default\">\n\t\t\t\t<div class=\"elementor-widget-container\">\n\t\t\t\t\t\n\t\t<div class=\"wd-image text-left\">\n\t\t\t\t\t\t\t\t\t\t\t\t\t<\/div>\n\n\t\t\t\t\t\t<\/div>\n\t\t\t\t<\/div>\n\t\t\t\t\t<\/div>\n\t\t<\/div>\n\t\t\t\t<div class=\"has_ae_slider elementor-column elementor-col-50 elementor-top-column elementor-element elementor-element-14674da ae-bg-gallery-type-default\" data-id=\"14674da\" data-element_type=\"column\">\n\t\t\t<div class=\"elementor-widget-wrap elementor-element-populated\">\n\t\t\t\t\t\t<div class=\"elementor-element elementor-element-7090068 elementor-widget elementor-widget-wd_text_block\" data-id=\"7090068\" data-element_type=\"widget\" data-widget_type=\"wd_text_block.default\">\n\t\t\t\t<div class=\"elementor-widget-container\">\n\t\t\t\t\t\t\t<div class=\"wd-text-block reset-last-child text-left\">\n\t\t\t\n\t\t\t<h2><span style=\"color: #1b1919; font-size: 24px;\">Tresore weltweit<\/span><\/h2><p>Arcas Gruber bietet au\u00dferdem <strong>Sicherheitstresore<\/strong> und <strong>stark gesicherte Tresorr\u00e4ume<\/strong> auf wichtigen internationalen M\u00e4rkten an. Entdecken Sie einige unserer Standorte:<\/p><ul><li>Tresore in Abu Dhabi: <a href=\"https:\/\/arcasgruber.com\/en\/safes-worldwide\/abu-dhabi-security-safes\/\"><span style=\"text-decoration: underline;\"><strong>Unsere Tresore in Abu Dhabi entdecken<\/strong><\/span><\/a><\/li><li>Tresore in den USA: <a href=\"https:\/\/arcasgruber.com\/en\/safes-worldwide\/usa-safes\/\"><span style=\"text-decoration: underline;\"><strong>Unsere Tresore in den Vereinigten Staaten ansehen<\/strong><\/span><\/a><\/li><li>Tresore in Dubai: <a href=\"https:\/\/arcasgruber.com\/en\/safes-worldwide\/dubai-safes\/\"><span style=\"text-decoration: underline;\"><strong>Unsere Tresore in Dubai entdecken<\/strong><\/span><\/a><\/li><li>Tresore in Belgien: <a href=\"https:\/\/arcasgruber.com\/fr\/coffres-forts-belgique\/\"><span style=\"text-decoration: underline;\"><strong>Unsere Tresore in Belgien ansehen<\/strong><\/span><\/a><\/li><li>Tresore in Frankreich: <a href=\"https:\/\/arcasgruber.com\/fr\/coffres-forts-en-france\/\"><span style=\"text-decoration: underline;\"><strong>Unsere Tresore in Frankreich entdecken<\/strong><\/span><\/a><\/li><li>Tresore in Luxemburg: <a href=\"https:\/\/arcasgruber.com\/fr\/coffres-forts-au-luxembourg\/\"><span style=\"text-decoration: underline;\"><strong>Unsere Tresore in Luxemburg pr\u00fcfen<\/strong><\/span><\/a><\/li><li>Tresore in Monaco: <a href=\"https:\/\/arcasgruber.com\/fr\/coffres-forts-monaco\/\"><span style=\"text-decoration: underline;\"><strong>Unsere Tresore in Monaco ansehen<\/strong><\/span><\/a><\/li><li>Tresore in der Schweiz: <a href=\"https:\/\/arcasgruber.com\/fr\/coffres-forts-en-suisse\/\"><span style=\"text-decoration: underline;\"><strong>Unsere L\u00f6sungen in der Schweiz entdecken<\/strong><\/span><\/a><\/li><li>Tresore in Italien: <a href=\"https:\/\/arcasgruber.com\/it\/casseforti-italia\/\"><span style=\"text-decoration: underline;\"><strong>Unsere Tresore in Italien entdecken<\/strong><\/span><\/a><\/li><\/ul><p><em>Wenn Sie m\u00f6chten, dass wir Ihnen ein Angebot f\u00fcr einen Tresor in einem beliebigen Land der Welt unterbreiten, <a href=\"https:\/\/arcasgruber.com\/de\/tresore\/\"><strong>w\u00e4hlen Sie einfach Ihren Tresor<\/strong><\/a> und <a href=\"https:\/\/arcasgruber.com\/de\/kontakt\/\"><strong>kontaktieren Sie uns<\/strong><\/a>.<\/em><\/p>\n\t\t\t\t\t<\/div>\n\t\t\t\t\t\t<\/div>\n\t\t\t\t<\/div>\n\t\t\t\t\t<\/div>\n\t\t<\/div>\n\t\t\t\t\t<\/div>\n\t\t<\/section>\n\t\t\t\t<section class=\"has_ae_slider elementor-section elementor-top-section elementor-element elementor-element-1baa1fa elementor-section-boxed elementor-section-height-default elementor-section-height-default wd-section-disabled ae-bg-gallery-type-default\" data-id=\"1baa1fa\" data-element_type=\"section\">\n\t\t\t\t\t\t<div class=\"elementor-container elementor-column-gap-default\">\n\t\t\t\t\t<div class=\"has_ae_slider elementor-column elementor-col-50 elementor-top-column elementor-element elementor-element-0887a80 ae-bg-gallery-type-default\" data-id=\"0887a80\" data-element_type=\"column\">\n\t\t\t<div class=\"elementor-widget-wrap elementor-element-populated\">\n\t\t\t\t\t\t<div class=\"elementor-element elementor-element-d5c2305 elementor-widget elementor-widget-wd_text_block\" data-id=\"d5c2305\" data-element_type=\"widget\" data-widget_type=\"wd_text_block.default\">\n\t\t\t\t<div class=\"elementor-widget-container\">\n\t\t\t\t\t\t\t<div class=\"wd-text-block reset-last-child text-left\">\n\t\t\t\n\t\t\t<h2>Tresore in spanischsprachigen L\u00e4ndern<\/h2><p>Arcas Gruber vertreibt <strong>Tresore<\/strong> in zahlreichen spanischsprachigen L\u00e4ndern. Entdecken Sie unsere wichtigsten Verkaufs- und Vertriebsstandorte:<\/p><ul><li>Tresore in Spanien: erh\u00e4ltlich in allen Provinzen. <a href=\"https:\/\/arcasgruber.com\/cajas-fuertes\/\"><span style=\"text-decoration: underline;\"><strong>Hier informieren<\/strong><\/span><\/a><\/li><li>Tresore in Argentinien: Buenos Aires, C\u00f3rdoba, Rosario und mehr. <a href=\"https:\/\/arcasgruber.com\/cajas-fuertes-argentina\/\"><span style=\"text-decoration: underline;\"><strong>Unsere Verkaufsstellen in Argentinien besuchen<\/strong><\/span><\/a><\/li><li>Tresore in Chile: Santiago, Vi\u00f1a del Mar, Concepci\u00f3n und weitere St\u00e4dte. <a href=\"https:\/\/arcasgruber.com\/cajas-fuertes-chile\/\"><span style=\"text-decoration: underline;\"><strong>Hier erfahren, wo wir Tresore in Chile vertreiben<\/strong><\/span><\/a><\/li><li>Tresore in Ecuador: Quito, Guayaquil und mehr. <a href=\"https:\/\/arcasgruber.com\/cajas-fuertes-ecuador\/\"><span style=\"text-decoration: underline;\"><strong>Entdecken Sie unsere Tresore in Ecuador<\/strong><\/span><\/a><\/li><li>Tresore in Peru: Lima, Arequipa, Trujillo und weitere St\u00e4dte. <a href=\"https:\/\/arcasgruber.com\/cajas-fuertes-peru\/\"><span style=\"text-decoration: underline;\"><strong>Mehr \u00fcber unsere Pr\u00e4senz in Peru<\/strong><\/span><\/a><\/li><li>Tresore in Uruguay: Montevideo und andere Regionen. <a href=\"https:\/\/arcasgruber.com\/cajas-fuertes-uruguay\/\"><span style=\"text-decoration: underline;\"><strong>Hier erfahren, wo Sie in Uruguay kaufen k\u00f6nnen<\/strong><\/span><\/a><\/li><li>Tresore in Mexiko: Mexiko-Stadt, Monterrey, Guadalajara und mehr. <a href=\"https:\/\/arcasgruber.com\/cajas-fuertes-mexico\/\"><span style=\"text-decoration: underline;\"><strong>Unsere Verkaufsstellen in Mexiko besuchen<\/strong><\/span><\/a><\/li><\/ul>\n\t\t\t\t\t<\/div>\n\t\t\t\t\t\t<\/div>\n\t\t\t\t<\/div>\n\t\t\t\t\t<\/div>\n\t\t<\/div>\n\t\t\t\t<div class=\"has_ae_slider elementor-column elementor-col-50 elementor-top-column elementor-element elementor-element-e6cee26 ae-bg-gallery-type-default\" data-id=\"e6cee26\" data-element_type=\"column\">\n\t\t\t<div class=\"elementor-widget-wrap elementor-element-populated\">\n\t\t\t\t\t\t<div class=\"elementor-element elementor-element-df4a579 elementor-widget elementor-widget-wd_image_or_svg\" data-id=\"df4a579\" data-element_type=\"widget\" data-widget_type=\"wd_image_or_svg.default\">\n\t\t\t\t<div class=\"elementor-widget-container\">\n\t\t\t\t\t\n\t\t<div class=\"wd-image text-left\">\n\t\t\t\t\t\t\t\t<img fetchpriority=\"high\" decoding=\"async\" width=\"2048\" height=\"2048\" src=\"https:\/\/arcasgruber.com\/wp-content\/uploads\/2025\/07\/gruber_abu_dhabi_safes.webp\" class=\"attachment-full size-full\" alt=\"Abu Dhabi Security Safes | High-Security Safes UAE \u2013 Arcas Gruber\" srcset=\"https:\/\/arcasgruber.com\/wp-content\/uploads\/2025\/07\/gruber_abu_dhabi_safes.webp 2048w, https:\/\/arcasgruber.com\/wp-content\/uploads\/2025\/07\/gruber_abu_dhabi_safes-300x300.webp 300w, https:\/\/arcasgruber.com\/wp-content\/uploads\/2025\/07\/gruber_abu_dhabi_safes-800x800.webp 800w, https:\/\/arcasgruber.com\/wp-content\/uploads\/2025\/07\/gruber_abu_dhabi_safes-150x150.webp 150w, https:\/\/arcasgruber.com\/wp-content\/uploads\/2025\/07\/gruber_abu_dhabi_safes-768x768.webp 768w, https:\/\/arcasgruber.com\/wp-content\/uploads\/2025\/07\/gruber_abu_dhabi_safes-1536x1536.webp 1536w, https:\/\/arcasgruber.com\/wp-content\/uploads\/2025\/07\/gruber_abu_dhabi_safes-860x860.webp 860w, https:\/\/arcasgruber.com\/wp-content\/uploads\/2025\/07\/gruber_abu_dhabi_safes-430x430.webp 430w, https:\/\/arcasgruber.com\/wp-content\/uploads\/2025\/07\/gruber_abu_dhabi_safes-700x700.webp 700w\" sizes=\"(max-width: 2048px) 100vw, 2048px\" \/>\t\t\t\t\t<\/div>\n\n\t\t\t\t\t\t<\/div>\n\t\t\t\t<\/div>\n\t\t\t\t\t<\/div>\n\t\t<\/div>\n\t\t\t\t\t<\/div>\n\t\t<\/section>\n\t\t\t\t<section class=\"has_ae_slider elementor-section elementor-top-section elementor-element elementor-element-a061f28 elementor-section-boxed elementor-section-height-default elementor-section-height-default wd-section-disabled ae-bg-gallery-type-default\" data-id=\"a061f28\" data-element_type=\"section\">\n\t\t\t\t\t\t<div class=\"elementor-container elementor-column-gap-default\">\n\t\t\t\t\t<div class=\"has_ae_slider elementor-column elementor-col-50 elementor-top-column elementor-element elementor-element-f771bb3 ae-bg-gallery-type-default\" data-id=\"f771bb3\" data-element_type=\"column\">\n\t\t\t<div class=\"elementor-widget-wrap elementor-element-populated\">\n\t\t\t\t\t\t<div class=\"elementor-element elementor-element-ff59bd9 elementor-widget elementor-widget-wd_text_block\" data-id=\"ff59bd9\" data-element_type=\"widget\" data-widget_type=\"wd_text_block.default\">\n\t\t\t\t<div class=\"elementor-widget-container\">\n\t\t\t\t\t\t\t<div class=\"wd-text-block reset-last-child text-left\">\n\t\t\t\n\t\t\t<h2>Weltweiter Export<\/h2><p>Arcas Gruber organisiert den internationalen Versand mit h\u00f6chster Professionalit\u00e4t. Unser erfahrenes Exportteam garantiert reibungslose, zertifizierte und vollst\u00e4ndig dokumentierte Lieferungen an jedes Ziel. Wir k\u00fcmmern uns um:<\/p><ul><li>Zollformalit\u00e4ten<\/li><li>Internationalen Transport (Seefracht, Luftfracht und Landverkehr)<\/li><li>Ursprungs- und Konformit\u00e4tszertifikate<\/li><li>Unterst\u00fctzung bei der Installation auf Anfrage<\/li><\/ul><p>Ob Ihr Projekt in Deutschland, \u00d6sterreich, der Schweiz, Europa oder anderen Regionen wie dem Nahen Osten, Afrika, Asien oder Amerika liegt \u2013 wir haben das Know-how und die Kapazit\u00e4ten, um zertifizierte Sicherheitsl\u00f6sungen direkt zu Ihnen zu liefern.<\/p><h2>Unsere Internationalen M\u00e4rkte<\/h2><p>Wir beliefern Kunden in zahlreichen L\u00e4ndern, unter anderem in:<\/p><ul><li>Deutschland, \u00d6sterreich, Schweiz<\/li><li>Vereinigtes K\u00f6nigreich<\/li><li>Saudi-Arabien<\/li><li>Vereinigte Arabische Emirate<\/li><li>USA<\/li><li>Kanada<\/li><li>Australien<\/li><li>Singapur<\/li><li>S\u00fcdafrika<\/li><li>Norwegen, Schweden, D\u00e4nemark<\/li><li>und viele mehr<\/li><\/ul><p>Entdecken Sie unsere <span style=\"text-decoration: underline;\"><strong><a href=\"https:\/\/arcasgruber.com\/de\/tresore\/\">Tresore<\/a><\/strong><\/span>, erkunden Sie unsere <a href=\"https:\/\/arcasgruber.com\/de\/wertschutztresore\/\"><span style=\"text-decoration: underline;\"><strong>zertifizierten Wertschutztresore<\/strong><\/span><\/a> oder <a href=\"https:\/\/arcasgruber.com\/de\/kontakt\/\"><span style=\"text-decoration: underline;\"><strong>kontaktieren Sie unser Vertriebsteam<\/strong><\/span><\/a> f\u00fcr eine individuelle Beratung in Deutschland, \u00d6sterreich, der Schweiz oder international.<\/p>\n\t\t\t\t\t<\/div>\n\t\t\t\t\t\t<\/div>\n\t\t\t\t<\/div>\n\t\t\t\t\t<\/div>\n\t\t<\/div>\n\t\t\t\t<div class=\"has_ae_slider elementor-column elementor-col-50 elementor-top-column elementor-element elementor-element-10ab79b ae-bg-gallery-type-default\" data-id=\"10ab79b\" data-element_type=\"column\">\n\t\t\t<div class=\"elementor-widget-wrap elementor-element-populated\">\n\t\t\t\t\t\t<div class=\"elementor-element elementor-element-705ad52 elementor-widget elementor-widget-wd_text_block\" data-id=\"705ad52\" data-element_type=\"widget\" data-widget_type=\"wd_text_block.default\">\n\t\t\t\t<div class=\"elementor-widget-container\">\n\t\t\t\t\t\t\t<div class=\"wd-text-block reset-last-child text-left\">\n\t\t\t\n\t\t\t<h2>Sicherheitsl\u00f6sungen F\u00fcr Jeden Sektor<\/h2><p>Wir entwickeln und fertigen ma\u00dfgeschneiderte L\u00f6sungen f\u00fcr verschiedene Branchen:<\/p><ul><li><strong>Banken und Finanzinstitute:<\/strong> Tresorr\u00e4ume, zertifizierte Tresore, Wertschutzr\u00e4ume, Schutzsysteme f\u00fcr Geldautomaten.<\/li><li><strong>Regierung und Milit\u00e4r:<\/strong> Hochsicherheitslager, ballistischer Schutz, Waffenschr\u00e4nke, Munitions- und Waffentresore, Arsenale.<\/li><li><strong>Luxusbranche:<\/strong> Private Tresorr\u00e4ume f\u00fcr Luxuswohnprojekte, Schmuck- und Uhrentresore.<\/li><li><strong>Rechenzentren:<\/strong> Feuerfeste Schr\u00e4nke, zertifizierte LTO-Lagerschr\u00e4nke, gesicherte Serverr\u00e4ume.<\/li><li><strong>Hotels und Gastgewerbe:<\/strong> Hoteltresore, Minibars, Sicherheitsl\u00f6sungen f\u00fcr G\u00e4stezimmer.<\/li><li><strong>Einzelhandel und Gewerbe:<\/strong> Einwurftresore, Nachttresore, Bargeld-Management-Systeme.<\/li><\/ul><h2>Warum Arcas Gruber Ihr Internationaler Partner Ist<\/h2><ul><li>\u00dcber 100 Jahre Erfahrung in der Herstellung<\/li><li>Vollst\u00e4ndig zertifizierte Sicherheitsprodukte<\/li><li>Individuelle Ingenieursl\u00f6sungen f\u00fcr spezielle Projekte<\/li><li>Flexible Produktionskapazit\u00e4ten f\u00fcr kleine und gro\u00dfe St\u00fcckzahlen<\/li><li>Spezielles Exportteam<\/li><li>Umfassender After-Sales-Service<\/li><li>Professionelles Verpackungs- und Logistikmanagement<\/li><\/ul><h2>Kontaktieren Sie Unser Internationales Vertriebsteam<\/h2><p>Ob H\u00e4ndler, Installateur, Projektleiter, Sicherheitsintegrator oder Endkunde \u2013 wenn Sie zertifizierte <strong><a href=\"https:\/\/arcasgruber.com\/de\/tresore\/\">Hochsicherheitstresore<\/a> <\/strong>weltweit ben\u00f6tigen, <span style=\"text-decoration: underline;\"><a href=\"https:\/\/arcasgruber.com\/de\/kontakt\/\"><strong>kontaktieren Sie noch heute unser internationales Vertriebsteam<\/strong><\/a><\/span> f\u00fcr eine individuelle Beratung.<\/p><p><strong>Arcas Gruber \u2013 Ihre Sicherheitsl\u00f6sung weltweit.<\/strong><\/p>\n\t\t\t\t\t<\/div>\n\t\t\t\t\t\t<\/div>\n\t\t\t\t<\/div>\n\t\t\t\t\t<\/div>\n\t\t<\/div>\n\t\t\t\t\t<\/div>\n\t\t<\/section>\n\t\t\t\t<section class=\"has_ae_slider elementor-section elementor-top-section elementor-element elementor-element-e041bb1 elementor-section-boxed elementor-section-height-default elementor-section-height-default wd-section-disabled ae-bg-gallery-type-default\" data-id=\"e041bb1\" data-element_type=\"section\">\n\t\t\t\t\t\t<div class=\"elementor-container elementor-column-gap-default\">\n\t\t\t\t\t<div class=\"has_ae_slider elementor-column elementor-col-100 elementor-top-column elementor-element elementor-element-d375d82 ae-bg-gallery-type-default\" data-id=\"d375d82\" data-element_type=\"column\">\n\t\t\t<div class=\"elementor-widget-wrap\">\n\t\t\t\t\t\t\t<\/div>\n\t\t<\/div>\n\t\t\t\t\t<\/div>\n\t\t<\/section>\n\t\t\t\t<section class=\"has_ae_slider elementor-section elementor-top-section elementor-element elementor-element-4dfbbb6 elementor-section-boxed elementor-section-height-default elementor-section-height-default wd-section-disabled ae-bg-gallery-type-default\" data-id=\"4dfbbb6\" data-element_type=\"section\">\n\t\t\t\t\t\t<div class=\"elementor-container elementor-column-gap-default\">\n\t\t\t\t\t<div class=\"has_ae_slider elementor-column elementor-col-100 elementor-top-column elementor-element elementor-element-192e6ae ae-bg-gallery-type-default\" data-id=\"192e6ae\" data-element_type=\"column\">\n\t\t\t<div class=\"elementor-widget-wrap\">\n\t\t\t\t\t\t\t<\/div>\n\t\t<\/div>\n\t\t\t\t\t<\/div>\n\t\t<\/section>\n\t\t\t\t<\/div>\n\t\t","protected":false},"excerpt":{"rendered":"<p>Bei Arcas Gruber produzieren und exportieren wir mit Stolz Hochsicherheitstresore und zertifizierte Panzert\u00fcren an Kunden in ganz Europa und weltweit.<\/p>\n","protected":false},"author":3,"featured_media":0,"parent":0,"menu_order":0,"comment_status":"closed","ping_status":"closed","template":"","meta":{"_acf_changed":false,"footnotes":""},"class_list":["post-511330","page","type-page","status-publish","hentry"],"acf":[],"_links":{"self":[{"href":"https:\/\/arcasgruber.com\/de\/wp-json\/wp\/v2\/pages\/511330","targetHints":{"allow":["GET"]}}],"collection":[{"href":"https:\/\/arcasgruber.com\/de\/wp-json\/wp\/v2\/pages"}],"about":[{"href":"https:\/\/arcasgruber.com\/de\/wp-json\/wp\/v2\/types\/page"}],"author":[{"embeddable":true,"href":"https:\/\/arcasgruber.com\/de\/wp-json\/wp\/v2\/users\/3"}],"replies":[{"embeddable":true,"href":"https:\/\/arcasgruber.com\/de\/wp-json\/wp\/v2\/comments?post=511330"}],"version-history":[{"count":0,"href":"https:\/\/arcasgruber.com\/de\/wp-json\/wp\/v2\/pages\/511330\/revisions"}],"wp:attachment":[{"href":"https:\/\/arcasgruber.com\/de\/wp-json\/wp\/v2\/media?parent=511330"}],"curies":[{"name":"wp","href":"https:\/\/api.w.org\/{rel}","templated":true}]}}