{"id":504466,"date":"2025-02-25T07:12:44","date_gmt":"2025-02-25T06:12:44","guid":{"rendered":"https:\/\/arcasgruber.com\/?page_id=504466"},"modified":"2025-02-25T07:29:16","modified_gmt":"2025-02-25T06:29:16","slug":"zertifizierungen","status":"publish","type":"page","link":"https:\/\/arcasgruber.com\/de\/zertifizierungen\/","title":{"rendered":"Zertifizierungen von Arcas Gruber"},"content":{"rendered":"\t\t<div data-elementor-type=\"wp-page\" data-elementor-id=\"504466\" class=\"elementor elementor-504466 elementor-504407\" data-elementor-post-type=\"page\">\n\t\t\t\t\t\t<section class=\"has_ae_slider elementor-section elementor-top-section elementor-element elementor-element-0acbb76 elementor-section-boxed elementor-section-height-default elementor-section-height-default wd-section-disabled ae-bg-gallery-type-default\" data-id=\"0acbb76\" data-element_type=\"section\">\n\t\t\t\t\t\t<div class=\"elementor-container elementor-column-gap-default\">\n\t\t\t\t\t<div class=\"has_ae_slider elementor-column elementor-col-100 elementor-top-column elementor-element elementor-element-ef6368c ae-bg-gallery-type-default\" data-id=\"ef6368c\" data-element_type=\"column\">\n\t\t\t<div class=\"elementor-widget-wrap elementor-element-populated\">\n\t\t\t\t\t\t<div class=\"elementor-element elementor-element-2f3300e elementor-widget elementor-widget-wd_text_block\" data-id=\"2f3300e\" data-element_type=\"widget\" data-widget_type=\"wd_text_block.default\">\n\t\t\t\t<div class=\"elementor-widget-container\">\n\t\t\t\t\t\t\t<div class=\"wd-text-block reset-last-child text-left\">\n\t\t\t\n\t\t\t<p data-start=\"153\" data-end=\"875\">Bei <strong>Arcas Gruber<\/strong> garantieren wir h\u00f6chste Sicherheit f\u00fcr unsere Produkte durch international anerkannte Zertifizierungen. Unsere <a href=\"https:\/\/arcasgruber.com\/de\/tresore\/\"><span style=\"text-decoration: underline;\"><strong>Tresore<\/strong><\/span><\/a> erf\u00fcllen die strenge <strong data-start=\"641\" data-end=\"668\">UNE EN 1143-1:2019 Norm<\/strong>, die ihre Widerstandsf\u00e4higkeit gegen Einbruch und Angriffe best\u00e4tigt. Zudem ist unser Unternehmen nach <strong data-start=\"772\" data-end=\"789\">ISO 9001:2015<\/strong> zertifiziert, was ein effizientes und zuverl\u00e4ssiges Qualit\u00e4tsmanagement garantiert.<\/p><p data-start=\"877\" data-end=\"1040\">Mit \u00fcber 100 Jahren Erfahrung bieten wir Sicherheitsl\u00f6sungen f\u00fcr Privathaushalte, Unternehmen und Banken, die den h\u00f6chsten internationalen Standards entsprechen.<\/p>\n\t\t\t\t\t<\/div>\n\t\t\t\t\t\t<\/div>\n\t\t\t\t<\/div>\n\t\t\t\t\t<\/div>\n\t\t<\/div>\n\t\t\t\t\t<\/div>\n\t\t<\/section>\n\t\t\t\t<section class=\"has_ae_slider elementor-section elementor-top-section elementor-element elementor-element-a7796be elementor-section-boxed elementor-section-height-default elementor-section-height-default wd-section-disabled ae-bg-gallery-type-default\" data-id=\"a7796be\" data-element_type=\"section\">\n\t\t\t\t\t\t<div class=\"elementor-container elementor-column-gap-default\">\n\t\t\t\t\t<div class=\"has_ae_slider elementor-column elementor-col-25 elementor-top-column elementor-element elementor-element-4555435 ae-bg-gallery-type-default\" data-id=\"4555435\" data-element_type=\"column\">\n\t\t\t<div class=\"elementor-widget-wrap elementor-element-populated\">\n\t\t\t\t\t\t<div class=\"elementor-element elementor-element-7fc61ac elementor-widget elementor-widget-wd_image_or_svg\" data-id=\"7fc61ac\" data-element_type=\"widget\" data-widget_type=\"wd_image_or_svg.default\">\n\t\t\t\t<div class=\"elementor-widget-container\">\n\t\t\t\t\t\n\t\t<div class=\"wd-image text-left\">\n\t\t\t\t\t\t\t\t<img fetchpriority=\"high\" decoding=\"async\" width=\"348\" height=\"348\" src=\"https:\/\/arcasgruber.com\/wp-content\/uploads\/2024\/12\/iqnet.png\" class=\"attachment-full size-full\" alt=\"Certificacion de calidad arcas gruber\" srcset=\"https:\/\/arcasgruber.com\/wp-content\/uploads\/2024\/12\/iqnet.png 348w, https:\/\/arcasgruber.com\/wp-content\/uploads\/2024\/12\/iqnet-300x300.png 300w, https:\/\/arcasgruber.com\/wp-content\/uploads\/2024\/12\/iqnet-150x150.png 150w\" sizes=\"(max-width: 348px) 100vw, 348px\" \/>\t\t\t\t\t<\/div>\n\n\t\t\t\t\t\t<\/div>\n\t\t\t\t<\/div>\n\t\t\t\t\t<\/div>\n\t\t<\/div>\n\t\t\t\t<div class=\"has_ae_slider elementor-column elementor-col-25 elementor-top-column elementor-element elementor-element-c4780c8 ae-bg-gallery-type-default\" data-id=\"c4780c8\" data-element_type=\"column\">\n\t\t\t<div class=\"elementor-widget-wrap elementor-element-populated\">\n\t\t\t\t\t\t<div class=\"elementor-element elementor-element-bdaec8f elementor-widget elementor-widget-wd_image_or_svg\" data-id=\"bdaec8f\" data-element_type=\"widget\" data-widget_type=\"wd_image_or_svg.default\">\n\t\t\t\t<div class=\"elementor-widget-container\">\n\t\t\t\t\t\n\t\t<div class=\"wd-image text-left\">\n\t\t\t\t\t\t\t\t<img decoding=\"async\" width=\"348\" height=\"348\" src=\"https:\/\/arcasgruber.com\/wp-content\/uploads\/2024\/12\/aenor.png\" class=\"attachment-full size-full\" alt=\"certificacion iso9001 arcas gruber\" srcset=\"https:\/\/arcasgruber.com\/wp-content\/uploads\/2024\/12\/aenor.png 348w, https:\/\/arcasgruber.com\/wp-content\/uploads\/2024\/12\/aenor-300x300.png 300w, https:\/\/arcasgruber.com\/wp-content\/uploads\/2024\/12\/aenor-150x150.png 150w\" sizes=\"(max-width: 348px) 100vw, 348px\" \/>\t\t\t\t\t<\/div>\n\n\t\t\t\t\t\t<\/div>\n\t\t\t\t<\/div>\n\t\t\t\t\t<\/div>\n\t\t<\/div>\n\t\t\t\t<div class=\"has_ae_slider elementor-column elementor-col-25 elementor-top-column elementor-element elementor-element-209c893 ae-bg-gallery-type-default\" data-id=\"209c893\" data-element_type=\"column\">\n\t\t\t<div class=\"elementor-widget-wrap elementor-element-populated\">\n\t\t\t\t\t\t<div class=\"elementor-element elementor-element-2302236 elementor-widget elementor-widget-wd_image_or_svg\" data-id=\"2302236\" data-element_type=\"widget\" data-widget_type=\"wd_image_or_svg.default\">\n\t\t\t\t<div class=\"elementor-widget-container\">\n\t\t\t\t\t\n\t\t<div class=\"wd-image text-center\">\n\t\t\t\t\t\t\t\t<img decoding=\"async\" width=\"155\" height=\"300\" src=\"https:\/\/arcasgruber.com\/wp-content\/uploads\/2025\/02\/CAJA_FUER_COMP_SEGU_CAMA_ACOR-EN-BN_RGB-155x300.png\" class=\"attachment-medium size-medium\" alt=\"Certificado cajas fuertes grado 3\" srcset=\"https:\/\/arcasgruber.com\/wp-content\/uploads\/2025\/02\/CAJA_FUER_COMP_SEGU_CAMA_ACOR-EN-BN_RGB-155x300.png 155w, https:\/\/arcasgruber.com\/wp-content\/uploads\/2025\/02\/CAJA_FUER_COMP_SEGU_CAMA_ACOR-EN-BN_RGB-414x800.png 414w, https:\/\/arcasgruber.com\/wp-content\/uploads\/2025\/02\/CAJA_FUER_COMP_SEGU_CAMA_ACOR-EN-BN_RGB-430x831.png 430w, https:\/\/arcasgruber.com\/wp-content\/uploads\/2025\/02\/CAJA_FUER_COMP_SEGU_CAMA_ACOR-EN-BN_RGB-150x290.png 150w, https:\/\/arcasgruber.com\/wp-content\/uploads\/2025\/02\/CAJA_FUER_COMP_SEGU_CAMA_ACOR-EN-BN_RGB.png 530w\" sizes=\"(max-width: 155px) 100vw, 155px\" \/>\t\t\t\t\t<\/div>\n\n\t\t\t\t\t\t<\/div>\n\t\t\t\t<\/div>\n\t\t\t\t\t<\/div>\n\t\t<\/div>\n\t\t\t\t<div class=\"has_ae_slider elementor-column elementor-col-25 elementor-top-column elementor-element elementor-element-451d034 ae-bg-gallery-type-default\" data-id=\"451d034\" data-element_type=\"column\">\n\t\t\t<div class=\"elementor-widget-wrap elementor-element-populated\">\n\t\t\t\t\t\t<div class=\"elementor-element elementor-element-1dce8d5 elementor-widget elementor-widget-wd_image_or_svg\" data-id=\"1dce8d5\" data-element_type=\"widget\" data-widget_type=\"wd_image_or_svg.default\">\n\t\t\t\t<div class=\"elementor-widget-container\">\n\t\t\t\t\t\n\t\t<div class=\"wd-image text-center\">\n\t\t\t\t\t\t\t\t<img loading=\"lazy\" decoding=\"async\" width=\"155\" height=\"300\" src=\"https:\/\/arcasgruber.com\/wp-content\/uploads\/2025\/02\/PR-2027-007-EN-BN_RGB-155x300.png\" class=\"attachment-medium size-medium\" alt=\"Certificado cajas fuertes grado 4\" srcset=\"https:\/\/arcasgruber.com\/wp-content\/uploads\/2025\/02\/PR-2027-007-EN-BN_RGB-155x300.png 155w, https:\/\/arcasgruber.com\/wp-content\/uploads\/2025\/02\/PR-2027-007-EN-BN_RGB-414x800.png 414w, https:\/\/arcasgruber.com\/wp-content\/uploads\/2025\/02\/PR-2027-007-EN-BN_RGB-430x831.png 430w, https:\/\/arcasgruber.com\/wp-content\/uploads\/2025\/02\/PR-2027-007-EN-BN_RGB-150x290.png 150w, https:\/\/arcasgruber.com\/wp-content\/uploads\/2025\/02\/PR-2027-007-EN-BN_RGB.png 530w\" sizes=\"(max-width: 155px) 100vw, 155px\" \/>\t\t\t\t\t<\/div>\n\n\t\t\t\t\t\t<\/div>\n\t\t\t\t<\/div>\n\t\t\t\t\t<\/div>\n\t\t<\/div>\n\t\t\t\t\t<\/div>\n\t\t<\/section>\n\t\t\t\t<section class=\"has_ae_slider elementor-section elementor-top-section elementor-element elementor-element-d684da7 elementor-section-boxed elementor-section-height-default elementor-section-height-default wd-section-disabled ae-bg-gallery-type-default\" data-id=\"d684da7\" data-element_type=\"section\">\n\t\t\t\t\t\t<div class=\"elementor-container elementor-column-gap-default\">\n\t\t\t\t\t<div class=\"has_ae_slider elementor-column elementor-col-100 elementor-top-column elementor-element elementor-element-ff1104d ae-bg-gallery-type-default\" data-id=\"ff1104d\" data-element_type=\"column\">\n\t\t\t<div class=\"elementor-widget-wrap elementor-element-populated\">\n\t\t\t\t\t\t<div class=\"elementor-element elementor-element-338260b elementor-widget elementor-widget-wd_text_block\" data-id=\"338260b\" data-element_type=\"widget\" data-widget_type=\"wd_text_block.default\">\n\t\t\t\t<div class=\"elementor-widget-container\">\n\t\t\t\t\t\t\t<div class=\"wd-text-block reset-last-child text-left\">\n\t\t\t\n\t\t\t<h2 data-start=\"1042\" data-end=\"1431\"><strong data-start=\"1071\" data-end=\"1129\">UNE EN 1143-1:2019 \u2013 Zertifizierte Einbruchssicherheit<\/strong><\/h2><p data-start=\"1042\" data-end=\"1431\">Die Norm <strong data-start=\"1141\" data-end=\"1158\">UNE EN 1143-1<\/strong> ist der europ\u00e4ische Standard, der die Widerstandsf\u00e4higkeit von Tresoren, gepanzerten T\u00fcren und Sicherheitsm\u00f6beln gegen Einbruchversuche zertifiziert. Sie basiert auf strengen Tests unabh\u00e4ngiger Labore, die Angriffe mit mechanischen und thermischen Werkzeugen simulieren.<\/p><p data-start=\"1433\" data-end=\"1710\">\ud83d\udd39 <strong data-start=\"1436\" data-end=\"1459\">Widerstandsklassen:<\/strong> Die Zertifizierung reicht von <strong data-start=\"1490\" data-end=\"1514\">Grad 0 bis Grad XIII<\/strong>, je nach Widerstandsf\u00e4higkeit des Tresors gegen Angriffe.<br data-start=\"1572\" data-end=\"1575\" \/>\ud83d\udd39 <strong data-start=\"1578\" data-end=\"1616\">Pflicht in Banken und Unternehmen:<\/strong> In Branchen wie Banken und Juwelieren sind zertifizierte Tresore gesetzlich vorgeschrieben.<\/p><p data-start=\"1712\" data-end=\"1881\">Tresore von Arcas Gruber erf\u00fcllen diese Norm und bieten <strong data-start=\"1768\" data-end=\"1811\">verl\u00e4sslichen und zertifizierten Schutz<\/strong> f\u00fcr private und gewerbliche Kunden sowie \u00f6ffentliche Institutionen.<\/p><h2 data-start=\"1883\" data-end=\"2221\"><strong data-start=\"1883\" data-end=\"1939\">ISO 9001:2015 \u2013 Qualit\u00e4tsmanagement bei Arcas Gruber<\/strong><\/h2><p data-start=\"1883\" data-end=\"2221\">Zus\u00e4tzlich zur Sicherheitszertifizierung setzen wir bei Arcas Gruber <strong data-start=\"2011\" data-end=\"2063\">ein Qualit\u00e4tsmanagementsystem nach ISO 9001:2015<\/strong> um. Diese Zertifizierung stellt sicher, dass unsere Produktionsprozesse, Qualit\u00e4tskontrollen und unser Kundenservice internationalen Standards entsprechen.<\/p><p data-start=\"2223\" data-end=\"2475\">\ud83d\udd39 <strong data-start=\"2226\" data-end=\"2259\">Kontinuierliche Verbesserung:<\/strong> Strenge Qualit\u00e4tskontrollen garantieren, dass jeder Tresor den Anforderungen entspricht.<br data-start=\"2348\" data-end=\"2351\" \/>\ud83d\udd39 <strong data-start=\"2354\" data-end=\"2378\">Kundenzufriedenheit:<\/strong> Unser Ziel ist es, nicht nur sichere, sondern auch qualitativ hochwertige Produkte anzubieten.<\/p><p data-start=\"2477\" data-end=\"2617\">Dank der ISO 9001-Zertifizierung bleibt Arcas Gruber seinem Engagement f\u00fcr <strong data-start=\"2552\" data-end=\"2609\">Exzellenz und Innovation in der physischen Sicherheit<\/strong> treu.<\/p><p data-start=\"2619\" data-end=\"2784\">\u2705 Suchen Sie einen zertifizierten Tresor gem\u00e4\u00df UNE EN 1143-1? Entdecken Sie unsere <a target=\"_new\" rel=\"noopener\" data-start=\"2702\" data-end=\"2781\"><strong data-start=\"2703\" data-end=\"2729\">zertifizierten Tresore<\/strong><\/a>.<\/p><p data-start=\"2786\" data-end=\"2986\"><strong data-start=\"2786\" data-end=\"2831\">Warum einen zertifizierten Tresor w\u00e4hlen?<\/strong><br data-start=\"2831\" data-end=\"2834\" \/>Ein zertifizierter Tresor garantiert, dass das Produkt <strong data-start=\"2889\" data-end=\"2921\">offiziellen Widerstandstests<\/strong> unterzogen wurde und h\u00f6chsten Sicherheitsstandards entspricht.<\/p><p data-start=\"2988\" data-end=\"3253\">\u2705 <strong data-start=\"2990\" data-end=\"3014\">Garantierter Schutz:<\/strong> Erf\u00fcllt europ\u00e4ische Sicherheitsnormen.<br data-start=\"3053\" data-end=\"3056\" \/>\u2705 <strong data-start=\"3058\" data-end=\"3086\">H\u00f6chste Zuverl\u00e4ssigkeit:<\/strong> Hochwertige Materialien, getestet in unabh\u00e4ngigen Laboren.<br data-start=\"3145\" data-end=\"3148\" \/>\u2705 <strong data-start=\"3150\" data-end=\"3179\">Gesetzliche Vorschriften:<\/strong> Erforderlich in Branchen wie Banken, Juwelieren und Dokumentenarchiven.<\/p><p data-start=\"3255\" data-end=\"3395\">\u2705 Sehen Sie sich unser <span style=\"text-decoration: underline;\"><a href=\"https:\/\/arcasgruber.com\/de\/tresore\/\" target=\"_new\" rel=\"noopener\" data-start=\"3278\" data-end=\"3346\"><strong data-start=\"3279\" data-end=\"3308\">gesamtes Tresor-Sortiment<\/strong><\/a><\/span> an und finden Sie die beste Sicherheitsl\u00f6sung.<\/p>\n\t\t\t\t\t<\/div>\n\t\t\t\t\t\t<\/div>\n\t\t\t\t<\/div>\n\t\t\t\t\t<\/div>\n\t\t<\/div>\n\t\t\t\t\t<\/div>\n\t\t<\/section>\n\t\t\t\t<\/div>\n\t\t","protected":false},"excerpt":{"rendered":"<p>Bei Arcas Gruber garantieren wir h\u00f6chste Sicherheit f\u00fcr unsere Produkte durch international anerkannte Zertifizierungen. Unsere Tresore erf\u00fcllen die strenge UNE<\/p>\n","protected":false},"author":3,"featured_media":503008,"parent":0,"menu_order":0,"comment_status":"closed","ping_status":"closed","template":"","meta":{"_acf_changed":false,"footnotes":""},"class_list":["post-504466","page","type-page","status-publish","has-post-thumbnail","hentry"],"acf":[],"_links":{"self":[{"href":"https:\/\/arcasgruber.com\/de\/wp-json\/wp\/v2\/pages\/504466","targetHints":{"allow":["GET"]}}],"collection":[{"href":"https:\/\/arcasgruber.com\/de\/wp-json\/wp\/v2\/pages"}],"about":[{"href":"https:\/\/arcasgruber.com\/de\/wp-json\/wp\/v2\/types\/page"}],"author":[{"embeddable":true,"href":"https:\/\/arcasgruber.com\/de\/wp-json\/wp\/v2\/users\/3"}],"replies":[{"embeddable":true,"href":"https:\/\/arcasgruber.com\/de\/wp-json\/wp\/v2\/comments?post=504466"}],"version-history":[{"count":0,"href":"https:\/\/arcasgruber.com\/de\/wp-json\/wp\/v2\/pages\/504466\/revisions"}],"wp:featuredmedia":[{"embeddable":true,"href":"https:\/\/arcasgruber.com\/de\/wp-json\/wp\/v2\/media\/503008"}],"wp:attachment":[{"href":"https:\/\/arcasgruber.com\/de\/wp-json\/wp\/v2\/media?parent=504466"}],"curies":[{"name":"wp","href":"https:\/\/api.w.org\/{rel}","templated":true}]}}