{"id":503113,"date":"2024-12-23T08:39:41","date_gmt":"2024-12-23T07:39:41","guid":{"rendered":"https:\/\/arcasgruber.com\/?page_id=503113"},"modified":"2024-12-23T08:48:05","modified_gmt":"2024-12-23T07:48:05","slug":"vollstaendiger-einkaufsleitfaden","status":"publish","type":"page","link":"https:\/\/arcasgruber.com\/de\/vollstaendiger-einkaufsleitfaden\/","title":{"rendered":"Vollst\u00e4ndiger Einkaufsleitfaden"},"content":{"rendered":"\t\t<div data-elementor-type=\"wp-page\" data-elementor-id=\"503113\" class=\"elementor elementor-503113 elementor-12651\" data-elementor-post-type=\"page\">\n\t\t\t\t\t\t<section class=\"has_ae_slider elementor-section elementor-top-section elementor-element elementor-element-27c54a5d elementor-section-boxed elementor-section-height-default elementor-section-height-default wd-section-disabled ae-bg-gallery-type-default\" data-id=\"27c54a5d\" data-element_type=\"section\">\n\t\t\t\t\t\t<div class=\"elementor-container elementor-column-gap-default\">\n\t\t\t\t\t<div class=\"has_ae_slider elementor-column elementor-col-100 elementor-top-column elementor-element elementor-element-23e9672f ae-bg-gallery-type-default\" data-id=\"23e9672f\" data-element_type=\"column\">\n\t\t\t<div class=\"elementor-widget-wrap elementor-element-populated\">\n\t\t\t\t\t\t<div class=\"elementor-element elementor-element-9edb50f color-scheme-inherit text-left elementor-widget elementor-widget-text-editor\" data-id=\"9edb50f\" data-element_type=\"widget\" data-widget_type=\"text-editor.default\">\n\t\t\t\t<div class=\"elementor-widget-container\">\n\t\t\t\t\t\t\t\t\t<h2><strong>Einkaufsleitfaden auf Arcas Gruber<\/strong><\/h2><ol><li><strong>Wie kauft man ein?<\/strong><br \/>Einkaufen bei Gruber ist schnell und einfach! Folgen Sie diesen Schritten, um Ihre Bestellung abzuschlie\u00dfen:<\/li><\/ol><ul><li><strong>Produkt ausw\u00e4hlen:<\/strong> Finden Sie den gew\u00fcnschten Artikel und klicken Sie auf \u201eJetzt kaufen\u201c.<\/li><li><strong>Daten eingeben:<\/strong> F\u00fcllen Sie die Formulare mit Ihren Rechnungs- und Versandinformationen aus.<\/li><li><strong>Zahlungsmethode w\u00e4hlen:<\/strong> W\u00e4hlen Sie Ihre bevorzugte Zahlungsmethode und schlie\u00dfen Sie den Vorgang ab.<\/li><li><strong>Bestellung best\u00e4tigen:<\/strong> Sie erhalten eine E-Mail an <a rel=\"noopener\">info@arcasgruber.com<\/a> mit der Bestellbest\u00e4tigung und den Bestelldetails.<\/li><\/ul><p>Bei Fragen rufen Sie uns gerne unter +34 94 421 68 20 an. Wir helfen Ihnen gerne weiter!<\/p><ol start=\"2\"><li><strong>Zahlungsbedingungen<\/strong><br \/>Bei Gruber bieten wir Ihnen verschiedene Zahlungsmethoden an, die Ihren Bed\u00fcrfnissen entsprechen:<\/li><\/ol><ul><li><strong>Zahlung per Kreditkarte, American Express und PayPal:<\/strong><br \/>Wenn das virtuelle Zahlungsterminal (TPV) die Karte ablehnt, wird die Bestellung automatisch storniert. Sie werden in diesem Moment online \u00fcber die Stornierung informiert.<\/li><li>Bei Zahlungen mit Karten, die au\u00dferhalb Spaniens ausgestellt wurden, stellen Sie sicher, dass die ausstellende Bank das Secure Payment Gateway-Protokoll unterst\u00fctzt.<\/li><\/ul><ol start=\"3\"><li><strong>Versand und Lieferzeiten<\/strong><br \/>Wir liefern landesweit und international.<\/li><\/ol><ul><li>Die Lieferzeiten variieren je nach Verf\u00fcgbarkeit des Produkts und Zielort.<\/li><li>In der Regel werden nationale Bestellungen innerhalb von 2 bis 5 Werktagen geliefert.<\/li><li>F\u00fcr weitere Informationen zu internationalen Sendungen kontaktieren Sie uns bitte unter <a rel=\"noopener\">info@arcasgruber.com<\/a>.<\/li><\/ul><ol start=\"4\"><li><strong>Garantie und R\u00fcckgaben<\/strong><br \/>Alle Produkte haben eine Mindestgarantie von 2 Jahren gem\u00e4\u00df den europ\u00e4ischen Vorschriften.<\/li><\/ol><ul><li>Wenn Sie ein defektes oder besch\u00e4digtes Produkt erhalten, informieren Sie uns bitte innerhalb von 14 Kalendertagen nach Erhalt.<\/li><li>Um R\u00fccksendungen zu arrangieren, schreiben Sie uns eine E-Mail an <a rel=\"noopener\">info@arcasgruber.com<\/a> oder rufen Sie uns unter +34 94 421 68 20 an.<\/li><\/ul><ol start=\"5\"><li><strong>Kundendienst<\/strong><br \/>Unser Team steht Ihnen zur Verf\u00fcgung, um alle Fragen zu Ihrem Einkauf zu beantworten. Sie k\u00f6nnen uns \u00fcber folgende Kan\u00e4le kontaktieren:<\/li><\/ol><ul><li><strong>E-Mail:<\/strong> <a rel=\"noopener\">info@arcasgruber.com<\/a><\/li><li><strong>Telefon:<\/strong> +34 94 421 68 20<\/li><\/ul><p><strong>Kundendienstzeiten:<\/strong><\/p><ul><li>Montag bis Freitag: 8:00 bis 14:00 Uhr und 16:00 bis 18:00 Uhr.<\/li><li>Samstags und an Feiertagen geschlossen.<\/li><\/ul>\t\t\t\t\t\t\t\t<\/div>\n\t\t\t\t<\/div>\n\t\t\t\t\t<\/div>\n\t\t<\/div>\n\t\t\t\t\t<\/div>\n\t\t<\/section>\n\t\t\t\t<\/div>\n\t\t","protected":false},"excerpt":{"rendered":"<p>Einkaufsleitfaden auf Arcas Gruber Wie kauft man ein?Einkaufen bei Gruber ist schnell und einfach! Folgen Sie diesen Schritten, um Ihre<\/p>\n","protected":false},"author":3,"featured_media":503115,"parent":0,"menu_order":12,"comment_status":"closed","ping_status":"closed","template":"","meta":{"_acf_changed":false,"footnotes":""},"class_list":["post-503113","page","type-page","status-publish","has-post-thumbnail","hentry"],"acf":[],"_links":{"self":[{"href":"https:\/\/arcasgruber.com\/de\/wp-json\/wp\/v2\/pages\/503113","targetHints":{"allow":["GET"]}}],"collection":[{"href":"https:\/\/arcasgruber.com\/de\/wp-json\/wp\/v2\/pages"}],"about":[{"href":"https:\/\/arcasgruber.com\/de\/wp-json\/wp\/v2\/types\/page"}],"author":[{"embeddable":true,"href":"https:\/\/arcasgruber.com\/de\/wp-json\/wp\/v2\/users\/3"}],"replies":[{"embeddable":true,"href":"https:\/\/arcasgruber.com\/de\/wp-json\/wp\/v2\/comments?post=503113"}],"version-history":[{"count":0,"href":"https:\/\/arcasgruber.com\/de\/wp-json\/wp\/v2\/pages\/503113\/revisions"}],"wp:featuredmedia":[{"embeddable":true,"href":"https:\/\/arcasgruber.com\/de\/wp-json\/wp\/v2\/media\/503115"}],"wp:attachment":[{"href":"https:\/\/arcasgruber.com\/de\/wp-json\/wp\/v2\/media?parent=503113"}],"curies":[{"name":"wp","href":"https:\/\/api.w.org\/{rel}","templated":true}]}}