{"id":503059,"date":"2024-12-19T09:31:34","date_gmt":"2024-12-19T08:31:34","guid":{"rendered":"https:\/\/arcasgruber.com\/?page_id=503059"},"modified":"2024-12-19T09:32:56","modified_gmt":"2024-12-19T08:32:56","slug":"cookie-richtlinie","status":"publish","type":"page","link":"https:\/\/arcasgruber.com\/de\/cookie-richtlinie\/","title":{"rendered":"Cookie-Richtlinie"},"content":{"rendered":"\t\t<div data-elementor-type=\"wp-page\" data-elementor-id=\"503059\" class=\"elementor elementor-503059 elementor-2523\" data-elementor-post-type=\"page\">\n\t\t\t\t\t\t<section class=\"has_ae_slider elementor-section elementor-top-section elementor-element elementor-element-115eb9f0 elementor-section-boxed elementor-section-height-default elementor-section-height-default wd-section-disabled ae-bg-gallery-type-default\" data-id=\"115eb9f0\" data-element_type=\"section\">\n\t\t\t\t\t\t<div class=\"elementor-container elementor-column-gap-default\">\n\t\t\t\t\t<div class=\"has_ae_slider elementor-column elementor-col-100 elementor-top-column elementor-element elementor-element-51630874 ae-bg-gallery-type-default\" data-id=\"51630874\" data-element_type=\"column\">\n\t\t\t<div class=\"elementor-widget-wrap elementor-element-populated\">\n\t\t\t\t\t\t<div class=\"elementor-element elementor-element-5d1011d5 color-scheme-inherit text-left elementor-widget elementor-widget-text-editor\" data-id=\"5d1011d5\" data-element_type=\"widget\" data-widget_type=\"text-editor.default\">\n\t\t\t\t<div class=\"elementor-widget-container\">\n\t\t\t\t\t\t\t\t\t<div class=\"flex max-w-full flex-col flex-grow\"><div class=\"min-h-8 text-message flex w-full flex-col items-end gap-2 whitespace-normal break-words text-start [.text-message+&amp;]:mt-5\" dir=\"auto\" data-message-author-role=\"assistant\" data-message-id=\"8f3d2ad0-3eac-41a7-ae6b-caeae541ac88\" data-message-model-slug=\"gpt-4o\"><div class=\"flex w-full flex-col gap-1 empty:hidden first:pt-[3px]\"><div class=\"markdown prose w-full break-words dark:prose-invert light\"><h2><strong>Cookie-Richtlinie von Arcas Gruber<\/strong><\/h2><p>Bei <strong>Arcas Gruber<\/strong> legen wir gro\u00dfen Wert auf Transparenz im Umgang mit Cookies auf unserer Website. Nachfolgend erkl\u00e4ren wir, was Cookies sind, welche Arten wir verwenden und wie Sie sie verwalten k\u00f6nnen.<\/p><hr \/><h3><strong>Was sind Cookies?<\/strong><\/h3><p>Cookies sind kleine Dateien, die auf Ihrem Computer oder Ger\u00e4t gespeichert werden, wenn Sie bestimmte Webseiten besuchen. Sie erm\u00f6glichen es einer Website, Informationen \u00fcber das Surfverhalten eines Benutzers oder Ger\u00e4ts zu speichern und abzurufen, und k\u00f6nnen je nach Nutzung des Ger\u00e4ts den Benutzer erkennen.<\/p><p>Cookies werden f\u00fcr einen begrenzten Zeitraum auf der Festplatte gespeichert und sch\u00e4digen Ihr Ger\u00e4t nicht. Sie enthalten keine spezifischen pers\u00f6nlichen Informationen und werden in der Regel automatisch gel\u00f6scht, wenn Sie den Browser schlie\u00dfen (Sitzungscookies).<\/p><hr \/><h3><strong>Verwendung von Cookies auf unserer Website<\/strong><\/h3><p>Die meisten Browser akzeptieren Cookies standardm\u00e4\u00dfig und erm\u00f6glichen es, deren Verwendung \u00fcber Sicherheitseinstellungen zu verwalten. Ohne Ihre ausdr\u00fcckliche Zustimmung wird <strong>Arcas Gruber<\/strong> keine in Cookies gespeicherten Informationen mit Ihren bei der Registrierung oder beim Kauf angegebenen pers\u00f6nlichen Daten verkn\u00fcpfen.<\/p><hr \/><h3><strong>Welche Arten von Cookies verwenden wir?<\/strong><\/h3><h4><strong>Technische Cookies:<\/strong><\/h4><p>Diese Cookies erm\u00f6glichen grundlegende Funktionen wie die Navigation auf der Website, den Zugriff auf gesch\u00fctzte Bereiche, die Verwaltung von Bestellungen oder die Nutzung von Sicherheitsfunktionen. Beispiele: Verkehrssteuerung, Abschluss von Bestellungen oder Speicherung von Multimedia-Inhalten.<\/p><h4><strong>Personalisierungs-Cookies:<\/strong><\/h4><p>Diese Cookies erm\u00f6glichen es, die Benutzererfahrung an Pr\u00e4ferenzen wie Sprache, Regionaleinstellungen oder den verwendeten Browsertyp anzupassen.<\/p><h4><strong>Analyse-Cookies:<\/strong><\/h4><p>Diese Cookies, die von uns oder Dritten verwaltet werden, erm\u00f6glichen es uns, die Nutzung unserer Website statistisch zu analysieren. Dadurch k\u00f6nnen wir unsere Produkte und Dienstleistungen verbessern.<\/p><h4><strong>Cookies von Drittanbietern:<\/strong><\/h4><p>Unsere Website verwendet Dienste von Drittanbietern wie Google Analytics, um statistische Daten zu sammeln und die Nutzung der Website zu analysieren. Diese Dienste k\u00f6nnen die gesammelten Daten an Dritte weitergeben, wenn dies gesetzlich vorgeschrieben ist oder wenn sie diese Daten im Auftrag von Google verarbeiten.<\/p><hr \/><h3><strong>Google Analytics<\/strong><\/h3><p>Diese Website verwendet Google Analytics, einen Webanalysedienst der Google, Inc., mit Sitz in den Vereinigten Staaten (1600 Amphitheatre Parkway, Mountain View, California 94043).<br \/>Google Analytics verwendet Cookies, um Informationen, einschlie\u00dflich Ihrer IP-Adresse, zu sammeln und auf den Servern von Google zu speichern. Diese Informationen k\u00f6nnen aufgrund gesetzlicher Anforderungen oder zur Datenverarbeitung im Auftrag von Google an Dritte weitergegeben werden.<\/p><hr \/><h3><strong>Zustimmung des Benutzers<\/strong><\/h3><p>Durch die Nutzung dieser Website stimmen Sie der Verarbeitung der \u00fcber Cookies gesammelten Informationen in der oben beschriebenen Weise und zu den angegebenen Zwecken ausdr\u00fccklich zu. Sie k\u00f6nnen Cookies blockieren oder l\u00f6schen, indem Sie die Einstellungen Ihres Browsers anpassen. Dies kann jedoch die Funktionalit\u00e4t der Website einschr\u00e4nken.<\/p><hr \/><h3><strong>Cookie-Verwaltung<\/strong><\/h3><p>Sie k\u00f6nnen Cookies, die auf Ihrem Ger\u00e4t installiert sind, \u00fcber die Einstellungen Ihres Browsers zulassen, blockieren oder l\u00f6schen. Hier finden Sie Anleitungen f\u00fcr die g\u00e4ngigsten Browser:<\/p><ul><li><a target=\"_new\" rel=\"noopener\">Chrome<\/a><\/li><li><a href=\"https:\/\/support.microsoft.com\/de-de\/help\/17442\/windows-internet-explorer-delete-manage-cookies\" target=\"_new\" rel=\"noopener\">Explorer<\/a><\/li><li><a href=\"https:\/\/support.mozilla.org\/de\/kb\/cookies-erlauben-und-ablehnen\" target=\"_new\" rel=\"noopener\">Firefox<\/a><\/li><li><a href=\"https:\/\/support.apple.com\/de-de\/guide\/safari\/sfri11471\/mac\" target=\"_new\" rel=\"noopener\">Safari<\/a><\/li><\/ul><hr \/><h3><strong>Kontakt<\/strong><\/h3><p>Bei Fragen zu dieser Cookie-Richtlinie k\u00f6nnen Sie uns kontaktieren:<br \/>\ud83d\udce7 <strong>E-Mail:<\/strong> <a rel=\"noopener\">info@arcasgruber.com<\/a><\/p><hr \/><h3><strong>Unterst\u00fctzung durch den Europ\u00e4ischen Fonds f\u00fcr regionale Entwicklung<\/strong><\/h3><p><strong>Arcas Gruber<\/strong> hat Unterst\u00fctzung vom <strong>Europ\u00e4ischen Fonds f\u00fcr regionale Entwicklung (EFRE)<\/strong> erhalten, um die Wettbewerbsf\u00e4higkeit von KMU durch internationale Online-Strategien und digitales Marketing zu verbessern. Diese Initiative wurde vom <strong>Xpande Digital Programm<\/strong> der Handelskammer Bilbao unterst\u00fctzt.<\/p><\/div><\/div><\/div><\/div>\t\t\t\t\t\t\t\t<\/div>\n\t\t\t\t<\/div>\n\t\t\t\t\t<\/div>\n\t\t<\/div>\n\t\t\t\t\t<\/div>\n\t\t<\/section>\n\t\t\t\t<section class=\"has_ae_slider elementor-section elementor-top-section elementor-element elementor-element-ff36f38 elementor-section-boxed elementor-section-height-default elementor-section-height-default wd-section-disabled ae-bg-gallery-type-default\" data-id=\"ff36f38\" data-element_type=\"section\">\n\t\t\t\t\t\t<div class=\"elementor-container elementor-column-gap-default\">\n\t\t\t\t\t<div class=\"has_ae_slider elementor-column elementor-col-50 elementor-top-column elementor-element elementor-element-9e1ccc3 ae-bg-gallery-type-default\" data-id=\"9e1ccc3\" data-element_type=\"column\">\n\t\t\t<div class=\"elementor-widget-wrap elementor-element-populated\">\n\t\t\t\t\t\t<div class=\"elementor-element elementor-element-6265049 elementor-widget elementor-widget-wd_image_or_svg\" data-id=\"6265049\" data-element_type=\"widget\" data-widget_type=\"wd_image_or_svg.default\">\n\t\t\t\t<div class=\"elementor-widget-container\">\n\t\t\t\t\t\n\t\t<div class=\"wd-image text-center\">\n\t\t\t\t\t\t\t\t<img decoding=\"async\" width=\"256\" height=\"84\" src=\"https:\/\/arcasgruber.com\/wp-content\/uploads\/2021\/08\/kit2.jpg\" class=\"attachment-full size-full\" alt=\"\" srcset=\"https:\/\/arcasgruber.com\/wp-content\/uploads\/2021\/08\/kit2.jpg 256w, https:\/\/arcasgruber.com\/wp-content\/uploads\/2021\/08\/kit2-150x49.jpg 150w\" sizes=\"(max-width: 256px) 100vw, 256px\" \/>\t\t\t\t\t<\/div>\n\n\t\t\t\t\t\t<\/div>\n\t\t\t\t<\/div>\n\t\t\t\t\t<\/div>\n\t\t<\/div>\n\t\t\t\t<div class=\"has_ae_slider elementor-column elementor-col-50 elementor-top-column elementor-element elementor-element-d453102 ae-bg-gallery-type-default\" data-id=\"d453102\" data-element_type=\"column\">\n\t\t\t<div class=\"elementor-widget-wrap elementor-element-populated\">\n\t\t\t\t\t\t<div class=\"elementor-element elementor-element-8a5b1e5 elementor-widget elementor-widget-wd_image_or_svg\" data-id=\"8a5b1e5\" data-element_type=\"widget\" data-widget_type=\"wd_image_or_svg.default\">\n\t\t\t\t<div class=\"elementor-widget-container\">\n\t\t\t\t\t\n\t\t<div class=\"wd-image text-center\">\n\t\t\t\t\t\t\t\t<img decoding=\"async\" width=\"298\" height=\"84\" src=\"https:\/\/arcasgruber.com\/wp-content\/uploads\/2021\/08\/kit1.jpg\" class=\"attachment-full size-full\" alt=\"\" srcset=\"https:\/\/arcasgruber.com\/wp-content\/uploads\/2021\/08\/kit1.jpg 298w, https:\/\/arcasgruber.com\/wp-content\/uploads\/2021\/08\/kit1-150x42.jpg 150w\" sizes=\"(max-width: 298px) 100vw, 298px\" \/>\t\t\t\t\t<\/div>\n\n\t\t\t\t\t\t<\/div>\n\t\t\t\t<\/div>\n\t\t\t\t\t<\/div>\n\t\t<\/div>\n\t\t\t\t\t<\/div>\n\t\t<\/section>\n\t\t\t\t<\/div>\n\t\t","protected":false},"excerpt":{"rendered":"<p>Cookie-Richtlinie von Arcas Gruber Bei Arcas Gruber legen wir gro\u00dfen Wert auf Transparenz im Umgang mit Cookies auf unserer Website.<\/p>\n","protected":false},"author":3,"featured_media":0,"parent":0,"menu_order":24,"comment_status":"closed","ping_status":"closed","template":"","meta":{"_acf_changed":false,"footnotes":""},"class_list":["post-503059","page","type-page","status-publish","hentry"],"acf":[],"_links":{"self":[{"href":"https:\/\/arcasgruber.com\/de\/wp-json\/wp\/v2\/pages\/503059","targetHints":{"allow":["GET"]}}],"collection":[{"href":"https:\/\/arcasgruber.com\/de\/wp-json\/wp\/v2\/pages"}],"about":[{"href":"https:\/\/arcasgruber.com\/de\/wp-json\/wp\/v2\/types\/page"}],"author":[{"embeddable":true,"href":"https:\/\/arcasgruber.com\/de\/wp-json\/wp\/v2\/users\/3"}],"replies":[{"embeddable":true,"href":"https:\/\/arcasgruber.com\/de\/wp-json\/wp\/v2\/comments?post=503059"}],"version-history":[{"count":0,"href":"https:\/\/arcasgruber.com\/de\/wp-json\/wp\/v2\/pages\/503059\/revisions"}],"wp:attachment":[{"href":"https:\/\/arcasgruber.com\/de\/wp-json\/wp\/v2\/media?parent=503059"}],"curies":[{"name":"wp","href":"https:\/\/api.w.org\/{rel}","templated":true}]}}