{"id":502969,"date":"2024-12-19T07:40:11","date_gmt":"2024-12-19T06:40:11","guid":{"rendered":"https:\/\/arcasgruber.com\/?page_id=502969"},"modified":"2024-12-19T07:42:27","modified_gmt":"2024-12-19T06:42:27","slug":"datenschutzrichtlinie","status":"publish","type":"page","link":"https:\/\/arcasgruber.com\/de\/datenschutzrichtlinie\/","title":{"rendered":"Datenschutzerkl\u00e4rung"},"content":{"rendered":"\t\t<div data-elementor-type=\"wp-page\" data-elementor-id=\"502969\" class=\"elementor elementor-502969 elementor-12649\" data-elementor-post-type=\"page\">\n\t\t\t\t\t\t<section class=\"has_ae_slider elementor-section elementor-top-section elementor-element elementor-element-709ffed elementor-section-boxed elementor-section-height-default elementor-section-height-default wd-section-disabled ae-bg-gallery-type-default\" data-id=\"709ffed\" data-element_type=\"section\">\n\t\t\t\t\t\t<div class=\"elementor-container elementor-column-gap-default\">\n\t\t\t\t\t<div class=\"has_ae_slider elementor-column elementor-col-100 elementor-top-column elementor-element elementor-element-c7f8183 ae-bg-gallery-type-default\" data-id=\"c7f8183\" data-element_type=\"column\">\n\t\t\t<div class=\"elementor-widget-wrap elementor-element-populated\">\n\t\t\t\t\t\t<div class=\"elementor-element elementor-element-c76e91a elementor-widget elementor-widget-wd_text_block\" data-id=\"c76e91a\" data-element_type=\"widget\" data-widget_type=\"wd_text_block.default\">\n\t\t\t\t<div class=\"elementor-widget-container\">\n\t\t\t\t\t\t\t<div class=\"wd-text-block reset-last-child text-left\">\n\t\t\t\n\t\t\t<h3><strong>Datenschutzerkl\u00e4rung<\/strong><\/h3><p>In \u00dcbereinstimmung mit dem spanischen Organgesetz 15\/1999 vom 13. Dezember zum Schutz personenbezogener Daten (LOPD) informieren wir Sie, dass Ihre Daten in eine Datei aufgenommen werden, die unter der Verantwortung von Arcas Gruber, S.A., CIF: A-48000814, steht. Diese Daten werden verarbeitet, um Ihre Informationsanfrage zu bearbeiten sowie zur Unterst\u00fctzung der steuerlichen, administrativen, kommerziellen und buchhalterischen Verwaltung des Unternehmens.<\/p><p>Falls Sie die als obligatorisch gekennzeichneten Felder nicht ausf\u00fcllen, k\u00f6nnen wir Ihre Anfrage nicht bearbeiten. Zudem informieren wir Sie, dass Sie jederzeit Ihre Rechte auf Zugang, Berichtigung, L\u00f6schung und Widerspruch aus\u00fcben k\u00f6nnen, indem Sie sich an Arcas Gruber, S.A., mit Sitz in der Calle Iparraguirre, 52, 48010 Bilbao, Provinz Vizcaya, Spanien, wenden.<br \/>Telefon: +34 94 421 68 20.<br \/>E-Mail: <a rel=\"noopener\">info@arcasgruber.com<\/a>.<\/p><p>Der Nutzer erm\u00e4chtigt Arcas Gruber, S.A. ausdr\u00fccklich, die \u00fcber diese Website erhobenen Daten zum Zweck der Gesch\u00e4ftsbeziehung an Dritte (z. B. Transportunternehmen, Finanzinstitute) weiterzugeben, sofern dies zur Erbringung der jeweiligen Dienstleistung erforderlich ist. In jedem Fall werden nur die f\u00fcr die jeweilige T\u00e4tigkeit unbedingt notwendigen Daten weitergegeben.<br \/>Ebenso erm\u00e4chtigt der Nutzer Arcas Gruber, S.A., die erhobenen Daten zu verwenden, um Informationskampagnen und Werbeaktionen f\u00fcr Produkte oder Dienstleistungen durchzuf\u00fchren, die f\u00fcr ihn von Interesse sein k\u00f6nnten.<\/p><p>Die elektronische Datei, die diese Daten enth\u00e4lt, ist bei der Spanischen Datenschutzbeh\u00f6rde (AGPD) registriert. Wir verpflichten uns, alle Vorgaben und Anforderungen einzuhalten, die die Beh\u00f6rde gem\u00e4\u00df dem spanischen Organgesetz 15\/1999 zum Schutz personenbezogener Daten festlegt:<\/p><ol><li>Die Daten auf legale Weise zu erheben.<\/li><li>Die Zustimmung der Betroffenen einzuholen, indem \u00fcber die Herkunft der Daten, die Identit\u00e4t des Verantwortlichen f\u00fcr deren Verarbeitung, den Zweck dieses Dienstes und die Rechte der Betroffenen (Information, Zugang, Berichtigung und L\u00f6schung) informiert wird.<\/li><li>Bei der Dateneingabe darauf hinzuweisen, dass diese Daten gespeichert und automatisiert verarbeitet werden, um die beschriebenen Dienstleistungen zu erbringen, einschlie\u00dflich eines Links zu dieser Datenschutzrichtlinie.<\/li><li>Sicherzustellen, dass die Daten f\u00fcr den angegebenen Zweck angemessen, relevant und nicht \u00fcberm\u00e4\u00dfig sind.<\/li><li>Die Daten nicht f\u00fcr andere als die in dieser Datenschutzrichtlinie beschriebenen Zwecke zu verwenden.<\/li><li>Die Daten zu l\u00f6schen, sobald sie nicht mehr ben\u00f6tigt werden.<\/li><li>Die notwendigen technischen und organisatorischen Ma\u00dfnahmen zu ergreifen, um die Sicherheit dieser Daten zu gew\u00e4hrleisten und deren Ver\u00e4nderung, Verlust und unbefugte Verarbeitung zu verhindern.<\/li><\/ol><p>Falls Ihre Daten aus irgendeinem Grund an ein drittes Unternehmen weitergegeben werden, verpflichten wir uns, Sie so schnell wie m\u00f6glich dar\u00fcber zu informieren, einschlie\u00dflich des Zwecks der Weitergabe und der Tatsache, dass Ihre Daten von uns weitergegeben wurden, sowie sicherzustellen, dass Ihre Rechte auf Zugang, Berichtigung, L\u00f6schung und Widerspruch gewahrt bleiben. Sollten Sie unter keinen Umst\u00e4nden m\u00f6chten, dass Ihre Daten an Dritte weitergegeben werden, lassen Sie uns dies bitte wissen.<\/p><p>Arcas Gruber, S.A. beh\u00e4lt sich das Recht vor, diese Datenschutzrichtlinie aufgrund gesetzlicher \u00c4nderungen oder anderer Gr\u00fcnde zu aktualisieren. Es wird daher empfohlen, diese Seite regelm\u00e4\u00dfig zu \u00fcberpr\u00fcfen, da die Nutzung dieser Website durch den Nutzer als Akzeptanz der jeweils geltenden Datenschutzrichtlinie gilt.<\/p><p><strong>Sie k\u00f6nnen Ihre Datenschutzrechte aus\u00fcben, indem Sie sich an folgende Adresse wenden:<\/strong><\/p><ul><li><strong>Firma:<\/strong> Arcas Gruber, S.A.<\/li><li><strong>Unternehmenssitz:<\/strong> Calle Iparraguirre, 52, 48010 Bilbao, Vizcaya, Spanien<\/li><li><strong>Telefon:<\/strong> +34 94 421 68 20<\/li><li><strong>E-Mail-Adresse:<\/strong> <a rel=\"noopener\">info@arcasgruber.com<\/a><\/li><li><strong>Domain:<\/strong> <a href=\"http:\/\/www.arcasgruber.com\" target=\"_new\" rel=\"noopener\">www.arcasgruber.com<\/a><\/li><li><strong>Steuer-ID (CIF):<\/strong> A-48000814<\/li><\/ul>\n\t\t\t\t\t<\/div>\n\t\t\t\t\t\t<\/div>\n\t\t\t\t<\/div>\n\t\t\t\t\t<\/div>\n\t\t<\/div>\n\t\t\t\t\t<\/div>\n\t\t<\/section>\n\t\t\t\t<\/div>\n\t\t","protected":false},"excerpt":{"rendered":"<p>Datenschutzerkl\u00e4rung In \u00dcbereinstimmung mit dem spanischen Organgesetz 15\/1999 vom 13. Dezember zum Schutz personenbezogener Daten (LOPD) informieren wir Sie, dass<\/p>\n","protected":false},"author":3,"featured_media":0,"parent":0,"menu_order":12,"comment_status":"closed","ping_status":"closed","template":"","meta":{"_acf_changed":false,"footnotes":""},"class_list":["post-502969","page","type-page","status-publish","hentry"],"acf":[],"_links":{"self":[{"href":"https:\/\/arcasgruber.com\/de\/wp-json\/wp\/v2\/pages\/502969","targetHints":{"allow":["GET"]}}],"collection":[{"href":"https:\/\/arcasgruber.com\/de\/wp-json\/wp\/v2\/pages"}],"about":[{"href":"https:\/\/arcasgruber.com\/de\/wp-json\/wp\/v2\/types\/page"}],"author":[{"embeddable":true,"href":"https:\/\/arcasgruber.com\/de\/wp-json\/wp\/v2\/users\/3"}],"replies":[{"embeddable":true,"href":"https:\/\/arcasgruber.com\/de\/wp-json\/wp\/v2\/comments?post=502969"}],"version-history":[{"count":0,"href":"https:\/\/arcasgruber.com\/de\/wp-json\/wp\/v2\/pages\/502969\/revisions"}],"wp:attachment":[{"href":"https:\/\/arcasgruber.com\/de\/wp-json\/wp\/v2\/media?parent=502969"}],"curies":[{"name":"wp","href":"https:\/\/api.w.org\/{rel}","templated":true}]}}