{"id":501981,"date":"2024-10-15T13:28:34","date_gmt":"2024-10-15T11:28:34","guid":{"rendered":"https:\/\/arcasgruber.com\/?page_id=501981"},"modified":"2025-07-22T09:12:43","modified_gmt":"2025-07-22T07:12:43","slug":"sicherheitsdienstleistungen-tresore","status":"publish","type":"page","link":"https:\/\/arcasgruber.com\/de\/sicherheitsdienstleistungen-tresore\/","title":{"rendered":"Sicherheitsdienstleistungen f\u00fcr Tresore"},"content":{"rendered":"\t\t<div data-elementor-type=\"wp-page\" data-elementor-id=\"501981\" class=\"elementor elementor-501981 elementor-57\" data-elementor-post-type=\"page\">\n\t\t\t\t\t\t<section class=\"has_ae_slider elementor-section elementor-top-section elementor-element elementor-element-eb9dcff elementor-section-boxed elementor-section-height-default elementor-section-height-default wd-section-disabled ae-bg-gallery-type-default\" data-id=\"eb9dcff\" data-element_type=\"section\">\n\t\t\t\t\t\t<div class=\"elementor-container elementor-column-gap-default\">\n\t\t\t\t\t<div class=\"has_ae_slider elementor-column elementor-col-100 elementor-top-column elementor-element elementor-element-5ae3944 ae-bg-gallery-type-default\" data-id=\"5ae3944\" data-element_type=\"column\">\n\t\t\t<div class=\"elementor-widget-wrap elementor-element-populated\">\n\t\t\t\t\t\t<div class=\"elementor-element elementor-element-661b55e elementor-widget elementor-widget-wd_text_block\" data-id=\"661b55e\" data-element_type=\"widget\" data-widget_type=\"wd_text_block.default\">\n\t\t\t\t<div class=\"elementor-widget-container\">\n\t\t\t\t\t\t\t<div class=\"wd-text-block reset-last-child text-left\">\n\t\t\t\n\t\t\t<p>En <strong>Arcas Gruber<\/strong> sind wir Spezialisten f\u00fcr <strong>physische Sicherheit<\/strong> mit \u00fcber 110 Jahren Erfahrung. Als Hersteller mit <strong>europ\u00e4ischer Fertigung<\/strong> entwickeln, produzieren und bieten wir <strong>professionelle Sicherheitsl\u00f6sungen<\/strong>, um das zu sch\u00fctzen, was Ihnen am wichtigsten ist: Planung, Transport, zertifizierte Installation und spezialisierte Wartung.<\/p><h2>Professionelle Dienstleistungen f\u00fcr Sicherheitssysteme<\/h2><p>Wir bieten einen <strong>zertifizierten technischen Service<\/strong>, der auf Privatkunden, Unternehmen, Einzelh\u00e4ndler, Juweliere, \u00f6ffentliche Institutionen und Sicherheitsbeh\u00f6rden in ganz Europa ausgerichtet ist. Unser Anspruch: <strong>zertifizierte Sicherheitsl\u00f6sungen<\/strong> mit pers\u00f6nlicher Beratung und Betreuung in jeder Projektphase.<\/p>\n\t\t\t\t\t<\/div>\n\t\t\t\t\t\t<\/div>\n\t\t\t\t<\/div>\n\t\t\t\t\t<\/div>\n\t\t<\/div>\n\t\t\t\t\t<\/div>\n\t\t<\/section>\n\t\t\t\t<section class=\"has_ae_slider elementor-section elementor-top-section elementor-element elementor-element-a9359b5 elementor-section-boxed elementor-section-height-default elementor-section-height-default wd-section-disabled ae-bg-gallery-type-default\" data-id=\"a9359b5\" data-element_type=\"section\">\n\t\t\t\t\t\t<div class=\"elementor-container elementor-column-gap-default\">\n\t\t\t\t\t<div class=\"has_ae_slider elementor-column elementor-col-25 elementor-top-column elementor-element elementor-element-8c521ec ae-bg-gallery-type-default\" data-id=\"8c521ec\" data-element_type=\"column\">\n\t\t\t<div class=\"elementor-widget-wrap elementor-element-populated\">\n\t\t\t\t\t\t<div class=\"elementor-element elementor-element-8ad4675 elementor-cta--skin-classic elementor-animated-content elementor-bg-transform elementor-bg-transform-zoom-in elementor-widget elementor-widget-call-to-action\" data-id=\"8ad4675\" data-element_type=\"widget\" data-widget_type=\"call-to-action.default\">\n\t\t\t\t<div class=\"elementor-widget-container\">\n\t\t\t\t\t\t\t<div class=\"elementor-cta\">\n\t\t\t\t\t<div class=\"elementor-cta__bg-wrapper\">\n\t\t\t\t<div class=\"elementor-cta__bg elementor-bg\" style=\"background-image: url(https:\/\/arcasgruber.com\/wp-content\/uploads\/2025\/07\/instalacion-cajas-fuertes-800x800.webp);\" role=\"img\" aria-label=\"Instaladores de cajas fuertes profesionales Arcas Gruber\"><\/div>\n\t\t\t\t<div class=\"elementor-cta__bg-overlay\"><\/div>\n\t\t\t<\/div>\n\t\t\t\t\t\t\t<div class=\"elementor-cta__content\">\n\t\t\t\t\n\t\t\t\t\t\t\t\t\t<h2 class=\"elementor-cta__title elementor-cta__content-item elementor-content-item\">\n\t\t\t\t\t\tInstallation\t\t\t\t\t<\/h2>\n\t\t\t\t\n\t\t\t\t\t\t\t\t\t<div class=\"elementor-cta__description elementor-cta__content-item elementor-content-item\">\n\t\t\t\t\t\tIn ganz Europa\t\t\t\t\t<\/div>\n\t\t\t\t\n\t\t\t\t\t\t\t\t\t<div class=\"elementor-cta__button-wrapper elementor-cta__content-item elementor-content-item \">\n\t\t\t\t\t<a class=\"elementor-cta__button elementor-button elementor-size-\" href=\"https:\/\/arcasgruber.com\/de\/sicherheitsdienstleistungen-tresore\/tresor-installation\/\">\n\t\t\t\t\t\tZertifizierte Installation\t\t\t\t\t<\/a>\n\t\t\t\t\t<\/div>\n\t\t\t\t\t\t\t<\/div>\n\t\t\t\t\t\t<\/div>\n\t\t\t\t\t\t<\/div>\n\t\t\t\t<\/div>\n\t\t\t\t\t<\/div>\n\t\t<\/div>\n\t\t\t\t<div class=\"has_ae_slider elementor-column elementor-col-25 elementor-top-column elementor-element elementor-element-ef0d59d ae-bg-gallery-type-default\" data-id=\"ef0d59d\" data-element_type=\"column\">\n\t\t\t<div class=\"elementor-widget-wrap elementor-element-populated\">\n\t\t\t\t\t\t<div class=\"elementor-element elementor-element-0d65e2d elementor-cta--skin-classic elementor-animated-content elementor-bg-transform elementor-bg-transform-zoom-in elementor-widget elementor-widget-call-to-action\" data-id=\"0d65e2d\" data-element_type=\"widget\" data-widget_type=\"call-to-action.default\">\n\t\t\t\t<div class=\"elementor-widget-container\">\n\t\t\t\t\t\t\t<div class=\"elementor-cta\">\n\t\t\t\t\t<div class=\"elementor-cta__bg-wrapper\">\n\t\t\t\t<div class=\"elementor-cta__bg elementor-bg\" style=\"background-image: url(https:\/\/arcasgruber.com\/wp-content\/uploads\/2025\/07\/transporte-cajas-fuertes-800x800.webp);\" role=\"img\" aria-label=\"Transporte profesional de cajas fuertes Arcas Gruber\"><\/div>\n\t\t\t\t<div class=\"elementor-cta__bg-overlay\"><\/div>\n\t\t\t<\/div>\n\t\t\t\t\t\t\t<div class=\"elementor-cta__content\">\n\t\t\t\t\n\t\t\t\t\t\t\t\t\t<h2 class=\"elementor-cta__title elementor-cta__content-item elementor-content-item\">\n\t\t\t\t\t\tTransport\t\t\t\t\t<\/h2>\n\t\t\t\t\n\t\t\t\t\t\t\t\t\t<div class=\"elementor-cta__description elementor-cta__content-item elementor-content-item\">\n\t\t\t\t\t\tWeltweit\t\t\t\t\t<\/div>\n\t\t\t\t\n\t\t\t\t\t\t\t\t\t<div class=\"elementor-cta__button-wrapper elementor-cta__content-item elementor-content-item \">\n\t\t\t\t\t<a class=\"elementor-cta__button elementor-button elementor-size-\" href=\"https:\/\/arcasgruber.com\/de\/sicherheitsdienstleistungen-tresore\/tresor-transport\/\">\n\t\t\t\t\t\tTransport\t\t\t\t\t<\/a>\n\t\t\t\t\t<\/div>\n\t\t\t\t\t\t\t<\/div>\n\t\t\t\t\t\t<\/div>\n\t\t\t\t\t\t<\/div>\n\t\t\t\t<\/div>\n\t\t\t\t\t<\/div>\n\t\t<\/div>\n\t\t\t\t<div class=\"has_ae_slider elementor-column elementor-col-25 elementor-top-column elementor-element elementor-element-abd2369 ae-bg-gallery-type-default\" data-id=\"abd2369\" data-element_type=\"column\">\n\t\t\t<div class=\"elementor-widget-wrap elementor-element-populated\">\n\t\t\t\t\t\t<div class=\"elementor-element elementor-element-274edf0 elementor-cta--skin-classic elementor-animated-content elementor-bg-transform elementor-bg-transform-zoom-in elementor-widget elementor-widget-call-to-action\" data-id=\"274edf0\" data-element_type=\"widget\" data-widget_type=\"call-to-action.default\">\n\t\t\t\t<div class=\"elementor-widget-container\">\n\t\t\t\t\t\t\t<div class=\"elementor-cta\">\n\t\t\t\t\t<div class=\"elementor-cta__bg-wrapper\">\n\t\t\t\t<div class=\"elementor-cta__bg elementor-bg\" style=\"background-image: url(https:\/\/arcasgruber.com\/wp-content\/uploads\/2025\/07\/cerrajero-cajas-fuertes-800x800.webp);\" role=\"img\" aria-label=\"Cerrajero abriendo caja fuerte profesional Arcas Gruber\"><\/div>\n\t\t\t\t<div class=\"elementor-cta__bg-overlay\"><\/div>\n\t\t\t<\/div>\n\t\t\t\t\t\t\t<div class=\"elementor-cta__content\">\n\t\t\t\t\n\t\t\t\t\t\t\t\t\t<h2 class=\"elementor-cta__title elementor-cta__content-item elementor-content-item\">\n\t\t\t\t\t\tSchl\u00fcsseldienst\t\t\t\t\t<\/h2>\n\t\t\t\t\n\t\t\t\t\t\t\t\t\t<div class=\"elementor-cta__description elementor-cta__content-item elementor-content-item\">\n\t\t\t\t\t\tTresor\u00f6ffnung\t\t\t\t\t<\/div>\n\t\t\t\t\n\t\t\t\t\t\t\t\t\t<div class=\"elementor-cta__button-wrapper elementor-cta__content-item elementor-content-item \">\n\t\t\t\t\t<a class=\"elementor-cta__button elementor-button elementor-size-\" href=\"https:\/\/arcasgruber.com\/de\/sicherheitsdienstleistungen-tresore\/tresor-schluesseldienst\/\">\n\t\t\t\t\t\tSchl\u00fcsseldienst\t\t\t\t\t<\/a>\n\t\t\t\t\t<\/div>\n\t\t\t\t\t\t\t<\/div>\n\t\t\t\t\t\t<\/div>\n\t\t\t\t\t\t<\/div>\n\t\t\t\t<\/div>\n\t\t\t\t\t<\/div>\n\t\t<\/div>\n\t\t\t\t<div class=\"has_ae_slider elementor-column elementor-col-25 elementor-top-column elementor-element elementor-element-3c37656 ae-bg-gallery-type-default\" data-id=\"3c37656\" data-element_type=\"column\">\n\t\t\t<div class=\"elementor-widget-wrap elementor-element-populated\">\n\t\t\t\t\t\t<div class=\"elementor-element elementor-element-c8f97da elementor-cta--skin-classic elementor-animated-content elementor-bg-transform elementor-bg-transform-zoom-in elementor-widget elementor-widget-call-to-action\" data-id=\"c8f97da\" data-element_type=\"widget\" data-widget_type=\"call-to-action.default\">\n\t\t\t\t<div class=\"elementor-widget-container\">\n\t\t\t\t\t\t\t<div class=\"elementor-cta\">\n\t\t\t\t\t<div class=\"elementor-cta__bg-wrapper\">\n\t\t\t\t<div class=\"elementor-cta__bg elementor-bg\" style=\"background-image: url(https:\/\/arcasgruber.com\/wp-content\/uploads\/2025\/07\/mantenimiento-cajas-fuertes-800x800.webp);\" role=\"img\" aria-label=\"Mantenimiento profesional de cajas fuertes Arcas Gruber\"><\/div>\n\t\t\t\t<div class=\"elementor-cta__bg-overlay\"><\/div>\n\t\t\t<\/div>\n\t\t\t\t\t\t\t<div class=\"elementor-cta__content\">\n\t\t\t\t\n\t\t\t\t\t\t\t\t\t<h2 class=\"elementor-cta__title elementor-cta__content-item elementor-content-item\">\n\t\t\t\t\t\tWartung\t\t\t\t\t<\/h2>\n\t\t\t\t\n\t\t\t\t\t\t\t\t\t<div class=\"elementor-cta__description elementor-cta__content-item elementor-content-item\">\n\t\t\t\t\t\tKundendienst\t\t\t\t\t<\/div>\n\t\t\t\t\n\t\t\t\t\t\t\t\t\t<div class=\"elementor-cta__button-wrapper elementor-cta__content-item elementor-content-item \">\n\t\t\t\t\t<a class=\"elementor-cta__button elementor-button elementor-size-\" href=\"https:\/\/arcasgruber.com\/de\/sicherheitsdienstleistungen-tresore\/tresor-wartung-service\/\">\n\t\t\t\t\t\tWartung\t\t\t\t\t<\/a>\n\t\t\t\t\t<\/div>\n\t\t\t\t\t\t\t<\/div>\n\t\t\t\t\t\t<\/div>\n\t\t\t\t\t\t<\/div>\n\t\t\t\t<\/div>\n\t\t\t\t\t<\/div>\n\t\t<\/div>\n\t\t\t\t\t<\/div>\n\t\t<\/section>\n\t\t\t\t<section class=\"has_ae_slider elementor-section elementor-top-section elementor-element elementor-element-8ca09f5 elementor-section-boxed elementor-section-height-default elementor-section-height-default wd-section-disabled ae-bg-gallery-type-default\" data-id=\"8ca09f5\" data-element_type=\"section\">\n\t\t\t\t\t\t<div class=\"elementor-container elementor-column-gap-default\">\n\t\t\t\t\t<div class=\"has_ae_slider elementor-column elementor-col-100 elementor-top-column elementor-element elementor-element-0dbdc49 ae-bg-gallery-type-default\" data-id=\"0dbdc49\" data-element_type=\"column\">\n\t\t\t<div class=\"elementor-widget-wrap elementor-element-populated\">\n\t\t\t\t\t\t<div class=\"elementor-element elementor-element-7551f7e elementor-widget elementor-widget-wd_text_block\" data-id=\"7551f7e\" data-element_type=\"widget\" data-widget_type=\"wd_text_block.default\">\n\t\t\t\t<div class=\"elementor-widget-container\">\n\t\t\t\t\t\t\t<div class=\"wd-text-block reset-last-child text-left\">\n\t\t\t\n\t\t\t<h3>Unsere Hauptdienstleistungen:<\/h3><ul><li><strong>Individuelle Fertigung<\/strong> von <a href=\"https:\/\/arcasgruber.com\/de\/tresore\/\">Tresoren<\/a>, Panzert\u00fcren und Sicherheitsr\u00e4umen, angepasst an die spezifischen Anforderungen jedes Kunden.<\/li><li><strong>Spezialisierter Transport<\/strong> mit eigenen technischen Teams f\u00fcr schwere oder gro\u00dfvolumige Tresore und Sicherheitssysteme.<\/li><li><strong>Professionelle Installation<\/strong> durch qualifizierte Monteure in Deutschland, \u00d6sterreich, der Schweiz und anderen deutschsprachigen L\u00e4ndern.<\/li><li><strong>Vorbeugende und korrektive Wartung<\/strong> s\u00e4mtlicher physischer Sicherheitssysteme mit europaweiter Abdeckung.<\/li><li><strong>Technischer Kundendienst und After-Sales-Beratung<\/strong> zur Sicherstellung des kontinuierlichen und zuverl\u00e4ssigen Betriebs Ihrer Sicherheitsl\u00f6sungen.<\/li><\/ul><h2>Europ\u00e4ische Abdeckung: Transport und Installation in Deutschland und im deutschsprachigen Raum<\/h2><p>Wir bieten Lieferung und Installation in ganz <strong>Deutschland<\/strong>, <strong>\u00d6sterreich<\/strong>, <strong>der Schweiz<\/strong> und anderen europ\u00e4ischen L\u00e4ndern an. Unser Team plant und realisiert jedes Projekt f\u00fcr eine <strong>saubere, sichere und effiziente Montage<\/strong>, sowohl in Privathaushalten als auch in Unternehmen.<\/p><p>Entdecken Sie unser umfassendes Sortiment an <a href=\"https:\/\/arcasgruber.com\/de\/tresore\/\">Tresoren<\/a> oder informieren Sie sich direkt \u00fcber unser spezialisiertes Angebot an <a href=\"https:\/\/arcasgruber.com\/de\/wertschutztresore\/\">zertifizierten Wertschutz-Tresoren<\/a>.<\/p><h2>Qualit\u00e4tsversprechen und technischer Support<\/h2><p>Als Hersteller mit Zertifizierung nach <strong>UNE EN 1143-1<\/strong> und <strong>ISO 9001<\/strong> garantieren wir h\u00f6chste Qualit\u00e4t bei jedem Produkt und Service. Unser <strong>technischer Kundendienst<\/strong> sichert den zuverl\u00e4ssigen und langfristigen Betrieb Ihrer Sicherheitssysteme.<\/p><p>Haben Sie ein konkretes Projekt oder ben\u00f6tigen Sie technische Unterst\u00fctzung? <a href=\"https:\/\/arcasgruber.com\/de\/kontakt\/\"><strong>Kontaktieren Sie Arcas Gruber<\/strong><\/a> \u2013 unser Team bietet Ihnen eine pers\u00f6nliche Beratung und eine ma\u00dfgeschneiderte Sicherheitsl\u00f6sung.<\/p>\n\t\t\t\t\t<\/div>\n\t\t\t\t\t\t<\/div>\n\t\t\t\t<\/div>\n\t\t\t\t\t<\/div>\n\t\t<\/div>\n\t\t\t\t\t<\/div>\n\t\t<\/section>\n\t\t\t\t<\/div>\n\t\t","protected":false},"excerpt":{"rendered":"<p>En Arcas Gruber sind wir Spezialisten f\u00fcr physische Sicherheit mit \u00fcber 110 Jahren Erfahrung. Als Hersteller mit europ\u00e4ischer Fertigung entwickeln,<\/p>\n","protected":false},"author":3,"featured_media":511242,"parent":0,"menu_order":7,"comment_status":"closed","ping_status":"open","template":"","meta":{"_acf_changed":false,"footnotes":""},"class_list":["post-501981","page","type-page","status-publish","has-post-thumbnail","hentry"],"acf":[],"_links":{"self":[{"href":"https:\/\/arcasgruber.com\/de\/wp-json\/wp\/v2\/pages\/501981","targetHints":{"allow":["GET"]}}],"collection":[{"href":"https:\/\/arcasgruber.com\/de\/wp-json\/wp\/v2\/pages"}],"about":[{"href":"https:\/\/arcasgruber.com\/de\/wp-json\/wp\/v2\/types\/page"}],"author":[{"embeddable":true,"href":"https:\/\/arcasgruber.com\/de\/wp-json\/wp\/v2\/users\/3"}],"replies":[{"embeddable":true,"href":"https:\/\/arcasgruber.com\/de\/wp-json\/wp\/v2\/comments?post=501981"}],"version-history":[{"count":0,"href":"https:\/\/arcasgruber.com\/de\/wp-json\/wp\/v2\/pages\/501981\/revisions"}],"wp:featuredmedia":[{"embeddable":true,"href":"https:\/\/arcasgruber.com\/de\/wp-json\/wp\/v2\/media\/511242"}],"wp:attachment":[{"href":"https:\/\/arcasgruber.com\/de\/wp-json\/wp\/v2\/media?parent=501981"}],"curies":[{"name":"wp","href":"https:\/\/api.w.org\/{rel}","templated":true}]}}