{"id":501952,"date":"2024-10-15T09:25:50","date_gmt":"2024-10-15T07:25:50","guid":{"rendered":"https:\/\/arcasgruber.com\/?page_id=501952"},"modified":"2024-10-15T09:33:28","modified_gmt":"2024-10-15T07:33:28","slug":"allgemeine-verkaufsbedingungen","status":"publish","type":"page","link":"https:\/\/arcasgruber.com\/de\/allgemeine-verkaufsbedingungen\/","title":{"rendered":"Allgemeine Verkaufsbedingungen"},"content":{"rendered":"\t\t<div data-elementor-type=\"wp-page\" data-elementor-id=\"501952\" class=\"elementor elementor-501952 elementor-24890\" data-elementor-post-type=\"page\">\n\t\t\t\t\t\t<section class=\"has_ae_slider elementor-section elementor-top-section elementor-element elementor-element-6f80364 elementor-section-boxed elementor-section-height-default elementor-section-height-default wd-section-disabled ae-bg-gallery-type-default\" data-id=\"6f80364\" data-element_type=\"section\">\n\t\t\t\t\t\t<div class=\"elementor-container elementor-column-gap-default\">\n\t\t\t\t\t<div class=\"has_ae_slider elementor-column elementor-col-100 elementor-top-column elementor-element elementor-element-c7ad791 ae-bg-gallery-type-default\" data-id=\"c7ad791\" data-element_type=\"column\">\n\t\t\t<div class=\"elementor-widget-wrap elementor-element-populated\">\n\t\t\t\t\t\t<div class=\"elementor-element elementor-element-bf62293 elementor-widget elementor-widget-wd_text_block\" data-id=\"bf62293\" data-element_type=\"widget\" data-widget_type=\"wd_text_block.default\">\n\t\t\t\t<div class=\"elementor-widget-container\">\n\t\t\t\t\t\t\t<div class=\"wd-text-block reset-last-child text-left\">\n\t\t\t\n\t\t\t<p><strong>Allgemeine Verkaufsbedingungen von Arcas Gruber<\/strong><\/p><p>Die auf der Website \"<a href=\"http:\/\/www.arcasgruber.com\" target=\"_new\" rel=\"noopener\">www.arcasgruber.com<\/a>\" pr\u00e4sentierten Produkte, einschlie\u00dflich zertifizierter Tresore und Sicherheitsl\u00f6sungen, werden von der Firma ARCAS GRUBER SA verkauft, deren Sitz sich in Iparraguirre, 52, 4890, Barakaldo, Vizcaya, Spanien befindet.<\/p><p>Telefon: +34 94 421 68 20<\/p><p>Umsatzsteuer-Identifikationsnummer: ESA48000814<\/p><p><strong>Schlussbestimmungen<\/strong><\/p><p>Diese Allgemeinen Verkaufsbedingungen stellen die gesamte Vereinbarung zwischen dem KUNDEN und dem VERK\u00c4UFER im Rahmen von Online-K\u00e4ufen \u00fcber die Website \"<a href=\"http:\/\/www.arcasgruber.com\" target=\"_new\" rel=\"noopener\">www.arcasgruber.com<\/a>\" dar. Sollte eine der Bestimmungen dieser Allgemeinen Verkaufsbedingungen f\u00fcr ung\u00fcltig oder nicht durchsetzbar erkl\u00e4rt werden, bleiben die \u00fcbrigen Bestimmungen davon unber\u00fchrt.<\/p><p>Mit dem Erwerb unserer <a href=\"https:\/\/arcasgruber.com\/de\/tresore\/\" target=\"_new\" rel=\"noopener\">zertifizierten Tresore<\/a> und Sicherheitsl\u00f6sungen erkl\u00e4rt sich der KUNDE mit diesen Verkaufsbedingungen einverstanden und erkennt die Einhaltung der auf der Website beschriebenen Verpflichtungen an.<\/p><p>F\u00fcr weitere Fragen oder Informationen \u00fcber unsere Tresore und Sicherheitsprodukte steht Ihnen unser Kundendienst zur Verf\u00fcgung.<\/p><p>Kunde: Verbraucher, nat\u00fcrliche Person, vollj\u00e4hrig, die ein oder mehrere Produkte zur privaten Nutzung \u00fcber die Website erwirbt.<\/p><p>Produkt: Eigentum, das auf der Website zum Verkauf angeboten wird.<\/p><p>Website: Handelsplattform, die \u00fcber den Domainnamen \"<a href=\"http:\/\/www.arcasgruber.com\" target=\"_new\" rel=\"noopener\">www.arcasgruber.com<\/a>\" zug\u00e4nglich ist und den Verkauf von Tresoren und physischen Sicherheitsprodukten sowie weiteren Produkten f\u00fcr den Heim- und Unternehmensgebrauch anbietet.<\/p><p>Kundenkonto: Alle personenbezogenen Daten, die gesammelt werden, um den Kauf und\/oder die Bestellung auf der Website zu t\u00e4tigen und zu verfolgen.<\/p><p><strong>3. Zweck<\/strong><\/p><p>Diese Allgemeinen Verkaufsbedingungen definieren die Rechte und Pflichten, die der Firma ARCAS GRUBER SA (im Folgenden \u201eDER VERK\u00c4UFER\u201c) und jeder vollj\u00e4hrigen nat\u00fcrlichen Person (im Folgenden \u201eDER KUNDE\u201c) im Rahmen des Verkaufs \u00fcber die Website \"<a href=\"http:\/\/www.arcasgruber.com\" target=\"_new\" rel=\"noopener\">www.arcasgruber.com<\/a>\" obliegen.<\/p><p>Diese Bedingungen legen die Verkaufs-, Zahlungs-, Liefer- und Kundendienstbedingungen fest. Sie gelten uneingeschr\u00e4nkt f\u00fcr jeden Verkauf von Produkten, der auf der Website \u201e<a target=\"_new\" rel=\"noopener\">www.arcasgruber.com\u201c<\/a> get\u00e4tigt wird.<\/p><p>Durch das Ankreuzen des K\u00e4stchens \"Vor der Best\u00e4tigung dieser Bestellung erkenne ich an, die Allgemeinen Verkaufsbedingungen gelesen und akzeptiert zu haben, sowie die Hinweise und Empfehlungen zur Verwendung des Produkts oder der Produkte zur Kenntnis genommen zu haben und verpflichte mich, diese zu beachten\", vor der endg\u00fcltigen Best\u00e4tigung der Bestellung, erkl\u00e4rt sich DER KUNDE ausdr\u00fccklich und vorbehaltlos mit allen Bestimmungen dieser Verkaufsbedingungen einverstanden.<\/p><p>Die Allgemeinen Verkaufsbedingungen, die f\u00fcr einen Verkauf gelten, sind diejenigen, die zum Zeitpunkt der Bestellung auf der Website ver\u00f6ffentlicht sind.<\/p><p>Sie k\u00f6nnen ausgedruckt und auf Papier oder dem Computer gespeichert werden. Es wird jedoch darauf hingewiesen, dass DER VERK\u00c4UFER sich das Recht vorbeh\u00e4lt, seine Allgemeinen Verkaufsbedingungen im Laufe der Zeit zu \u00e4ndern. DER VERK\u00c4UFER fordert daher den KUNDEN auf, diese bei jeder Bestellung sorgf\u00e4ltig zu lesen.<\/p><p><strong>4. Produkte<\/strong><\/p><p>a. Visuelle Darstellungen<\/p><p>Die von diesen Allgemeinen Verkaufsbedingungen geregelten Produkte sind die auf der Website \"<a href=\"http:\/\/www.arcasgruber.com\" target=\"_new\" rel=\"noopener\">www.arcasgruber.com<\/a>\" pr\u00e4sentierten. Diese Produkte werden so genau wie m\u00f6glich dargestellt, jedoch informiert DER VERK\u00c4UFER den KUNDEN, dass geringf\u00fcgige Abweichungen zwischen den auf der Website verwendeten Fotos, Bildern, Zeichnungen, Logos und dem erworbenen Produkt bestehen k\u00f6nnen, die nicht zur Haftung des VERK\u00c4UFERS f\u00fchren.<\/p><p>b. Konformit\u00e4t der Produkte<\/p><p>Die zum Verkauf angebotenen Produkte entsprechen den spanischen Gesetzen, Vorschriften und Normen. Im Falle eines Produktr\u00fcckrufs durch den LIEFERANTEN wird DER VERK\u00c4UFER die Produkte ebenfalls von seiner Website entfernen. DER KUNDE hat in einem solchen Fall keinen Anspruch auf eine Reklamation.<\/p><p>c. Preise<\/p><p>Die auf der Website angegebenen Preise verstehen sich in Euro, einschlie\u00dflich aller Steuern (MwSt.). Sie ber\u00fccksichtigen die zum Zeitpunkt der Bestellung geltenden Preisnachl\u00e4sse (Aktionen usw.), beinhalten jedoch nicht die Versandkosten.<\/p><p>Der Gesamtbetrag einschlie\u00dflich MwSt. umfasst die Versandkosten, den Betrag der MwSt. und gegebenenfalls den Betrag der Rabattcodes. Die Details der f\u00e4lligen Betr\u00e4ge werden dem KUNDEN im Bestellzusammenfassungsfenster angezeigt, bevor er seine Bestellung best\u00e4tigt.<\/p><p><strong>5. Bestellverfahren<\/strong><\/p><p>a. Erstellung eines Kundenkontos<\/p><p>Um eine Bestellung aufgeben zu k\u00f6nnen, muss DER KUNDE ein Kundenkonto erstellen, indem er seinen Nachnamen, Vornamen, seine Postanschrift, Telefonnummer, E-Mail-Adresse angibt und ein pers\u00f6nliches Passwort w\u00e4hlt.<\/p><p>Um auf sein Konto zugreifen zu k\u00f6nnen, muss DER KUNDE seine E-Mail-Adresse und sein Passwort eingeben, um:<\/p><ul><li>Zugang zur Bestellhistorie zu haben<\/li><li>Seine Bestellung zu verfolgen<\/li><li>Eine neue Bestellung aufzugeben<\/li><li>Pers\u00f6nliche Informationen zu \u00e4ndern<\/li><li>Auf die Seite \"Meine Favoriten\" zuzugreifen und\/oder ein Produkt zu den Favoriten hinzuzuf\u00fcgen<\/li><li>Den technischen Support und den Kundendienst zu kontaktieren, um ein Problem zu melden<\/li><li>Den Fortschritt und die Bearbeitung seiner Anfragen zu \u00fcberwachen<\/li><\/ul><p>b. Besondere Bestellverfahren \u2013 \u201eDoppel-Klick\u201c-Verfahren gem\u00e4\u00df Artikel 1369-5 des B\u00fcrgerlichen Gesetzbuches<\/p><p>Die Bestellung wird verbindlich und endg\u00fcltig, wenn DER KUNDE den elektronischen Vertrag durch das \u201eDoppel-Klick\u201c-Verfahren best\u00e4tigt.<\/p><p>Vorgehensweise:<\/p><ol><li><p>Erster Klick: Bestell\u00fcbersicht mit M\u00f6glichkeit zur \u00dcberpr\u00fcfung und Korrektur von eventuellen Fehlern.<\/p><p>Vor der Best\u00e4tigung der Bestellung ist DER KUNDE verpflichtet, den Inhalt und den Gesamtbetrag der Bestellung zu \u00fcberpr\u00fcfen und gegebenenfalls Fehler zu korrigieren. DER VERK\u00c4UFER \u00fcbernimmt keine Verantwortung f\u00fcr Fehler, die auf eine unterlassene \u00dcberpr\u00fcfung durch den Kunden zur\u00fcckzuf\u00fchren sind.<\/p><\/li><li><p>Zweiter Klick: Bestellbest\u00e4tigung und Abschluss des elektronischen Vertrags (\u201eBestellung best\u00e4tigen\u201c)<\/p><\/li><\/ol><p>Bestellbest\u00e4tigung per E-Mail und Registrierung der Bestellung:<\/p><p>Nach Best\u00e4tigung der Bestellung erh\u00e4lt DER KUNDE eine Best\u00e4tigung per E-Mail an die von ihm angegebene E-Mail-Adresse. Diese Best\u00e4tigung enth\u00e4lt die Bestellnummer, die Menge und Beschreibung der bestellten Produkte, die Paketnummer sowie den Link zur Sendungsverfolgung.<\/p><p>Falls DER KUNDE eine falsche E-Mail-Adresse angegeben hat oder der E-Mail-Host des KUNDEN unseren E-Mail-Versand blockiert, haftet DER VERK\u00c4UFER nicht f\u00fcr die Nichtzustellung der Bestellbest\u00e4tigung. In diesem Fall wird die Rechnung, die bei der Lieferung bereitgestellt wird, als offizielles Dokument zur Bestellung dienen.<\/p><p><strong>6. Zahlungsbedingungen<\/strong><\/p><p>Die Zahlung des Gesamtbetrags erfolgt bei der Bestellung durch eine der folgenden Zahlungsmethoden:<\/p><p>Mit Kreditkarte<\/p><p>(Visa, MasterCard, American Express)<\/p><p>DER KUNDE, der eine Bestellung aufgibt, erkennt an, der Inhaber der zur Zahlung verwendeten Kreditkarte zu sein und \u00fcber ausreichende Mittel zu verf\u00fcgen, um die Bestellung zu bezahlen.<\/p><p>Um die Zahlung durchzuf\u00fchren, muss DER KUNDE die 16-stellige Kartennummer, das Ablaufdatum sowie den dreistelligen \u201eKryptogramm\u201c-Code auf der R\u00fcckseite der Kreditkarte eingeben.<\/p><p>Die Transaktion wird sofort nach \u00dcberpr\u00fcfung der Kundendaten und Erhalt der Belastungsgenehmigung von der kreditkartenausstellenden Bank durchgef\u00fchrt.<\/p><p>Falls die Belastung des Gesamtbetrags nicht m\u00f6glich ist, wird der Online-Verkauf sofort von Rechts wegen aufgel\u00f6st und die Bestellung storniert.<\/p><p>Die Zahlung erfolgt auf dem Server unseres Partners Redsys.<\/p><p>Die automatische Datenverarbeitung der vom KUNDEN zum Zeitpunkt der Bezahlung der Bestellung bereitgestellten Informationen wird von der Bank BBVA durchgef\u00fchrt.<\/p><p>Falls eine Transaktion aus irgendeinem Grund nicht zustande kommt, wird die Bestellung nicht best\u00e4tigt.<\/p><p>DER VERK\u00c4UFER speichert keine Kreditkartendaten seiner Kunden. Diese m\u00fcssen f\u00fcr jede neue Bestellung erneut eingegeben werden.<\/p><p><strong>7. Lieferzeit, -ort und Versandkosten<\/strong><\/p><p>Die Lieferung der auf der Website \"<a href=\"http:\/\/www.arcasgruber.com\" target=\"_new\" rel=\"noopener\">www.arcasgruber.com<\/a>\" gekauften Produkte erfolgt innerhalb des auf der Produktseite angegebenen Zeitraums ab dem Tag nach der endg\u00fcltigen Best\u00e4tigung der Bestellung durch DEN KUNDEN.<\/p><p>Die Lieferungen erfolgen an die vom KUNDEN angegebene Adresse, der zwischen vier verschiedenen Versandoptionen je nach Volumen und Gewicht der Pakete w\u00e4hlen kann:<\/p><p>\u2022 DACHSER<\/p><p>Im Falle einer Lieferung durch DACHSER wird der Spediteur den KUNDEN vor der Lieferung telefonisch kontaktieren, um einen Termin zu vereinbaren.<\/p><p>Bei Lieferungen in die Schweiz muss DER KUNDE die Zollabfertigungskosten und die lokale Mehrwertsteuer tragen.<\/p><p>Die Unterschrift des KUNDEN oder seines Vertreters, entweder auf Papier oder digital, gilt als Beweis f\u00fcr die Lieferung der Pakete.<\/p><p>Es wird darauf hingewiesen, dass dem KUNDEN zur Verfolgung seiner Bestellung Informationen \u00fcber den Empfang des Pakets \u00fcber den im Best\u00e4tigungs-E-Mail angegebenen Link zur Verf\u00fcgung gestellt werden.<\/p><p>Falls ein Fehler in der angegebenen Lieferadresse vorliegt, haftet DER VERK\u00c4UFER nicht f\u00fcr Verz\u00f6gerungen oder Ausf\u00e4lle bei der Lieferung. Sollte das Produkt an das Lager zur\u00fcckgesendet werden, tr\u00e4gt DER KUNDE die Kosten f\u00fcr den erneuten Versand.<\/p><p>DER VERK\u00c4UFER beh\u00e4lt sich das Recht vor, die Lieferung der Bestellung aus legitimen Gr\u00fcnden gem\u00e4\u00df Artikel L. 122-1 des franz\u00f6sischen Verbrauchergesetzbuches zu verweigern.<\/p><p>Die Versandkosten werden je nach Gewicht des Pakets und der w\u00e4hrend der Bestellbest\u00e4tigung gew\u00e4hlten Versandart berechnet.<\/p><p>Falls das bestellte Produkt letztlich nicht verf\u00fcgbar ist, wird DER VERK\u00c4UFER DEN KUNDEN informieren, der dann den Vertrag k\u00fcndigen kann und eine R\u00fcckerstattung innerhalb von 14 Tagen erh\u00e4lt.<\/p><p>Falls DER VERK\u00c4UFER das Produkt aufgrund h\u00f6herer Gewalt, schlechten Wetters oder anderer Umst\u00e4nde au\u00dferhalb seiner Kontrolle nicht liefern kann, wird er DEN KUNDEN benachrichtigen. Nach einem Monat, wenn DER VERK\u00c4UFER die Bestellung nicht liefern kann, wird der gezahlte Betrag an DEN KUNDEN zur\u00fcckerstattet.<\/p>\n\t\t\t\t\t<\/div>\n\t\t\t\t\t\t<\/div>\n\t\t\t\t<\/div>\n\t\t\t\t\t<\/div>\n\t\t<\/div>\n\t\t\t\t\t<\/div>\n\t\t<\/section>\n\t\t\t\t<\/div>\n\t\t","protected":false},"excerpt":{"rendered":"<p>Allgemeine Verkaufsbedingungen von Arcas Gruber Die auf der Website &#8220;www.arcasgruber.com&#8221; pr\u00e4sentierten Produkte, einschlie\u00dflich zertifizierter Tresore und Sicherheitsl\u00f6sungen, werden von der<\/p>\n","protected":false},"author":3,"featured_media":0,"parent":0,"menu_order":0,"comment_status":"closed","ping_status":"closed","template":"","meta":{"_acf_changed":false,"footnotes":""},"class_list":["post-501952","page","type-page","status-publish","hentry"],"acf":[],"_links":{"self":[{"href":"https:\/\/arcasgruber.com\/de\/wp-json\/wp\/v2\/pages\/501952","targetHints":{"allow":["GET"]}}],"collection":[{"href":"https:\/\/arcasgruber.com\/de\/wp-json\/wp\/v2\/pages"}],"about":[{"href":"https:\/\/arcasgruber.com\/de\/wp-json\/wp\/v2\/types\/page"}],"author":[{"embeddable":true,"href":"https:\/\/arcasgruber.com\/de\/wp-json\/wp\/v2\/users\/3"}],"replies":[{"embeddable":true,"href":"https:\/\/arcasgruber.com\/de\/wp-json\/wp\/v2\/comments?post=501952"}],"version-history":[{"count":0,"href":"https:\/\/arcasgruber.com\/de\/wp-json\/wp\/v2\/pages\/501952\/revisions"}],"wp:attachment":[{"href":"https:\/\/arcasgruber.com\/de\/wp-json\/wp\/v2\/media?parent=501952"}],"curies":[{"name":"wp","href":"https:\/\/api.w.org\/{rel}","templated":true}]}}